{"id":670,"date":"2022-06-26T17:09:51","date_gmt":"2022-06-26T17:09:51","guid":{"rendered":"https:\/\/canpamplona.com?page_id=670"},"modified":"2025-12-03T16:40:22","modified_gmt":"2025-12-03T16:40:22","slug":"politica-de-privacidad","status":"publish","type":"page","link":"https:\/\/canpamplona.com\/ca\/politica-de-privacidad\/","title":{"rendered":"Pol\u00edtica de Privadesa"},"content":{"rendered":"<div class=\"wp-block-cover alignfull\" style=\"min-height:473px;aspect-ratio:unset;\"><span aria-hidden=\"true\" class=\"wp-block-cover__background has-background-dim\" style=\"background-color:#222222\"><\/span><div class=\"wp-block-cover__inner-container is-layout-flow wp-block-cover-is-layout-flow\">\n<h1 class=\"wp-block-heading has-white-color has-text-color\">Pol\u00edtica de Privadesa<\/h1>\n\n\n\n<p>Darrera actualitzaci\u00f3: Gener 2021.<\/p>\n<\/div><\/div>\n\n\n\n<p><strong>1.<\/strong>&nbsp;<strong>INFORMACI\u00d3 A L&#039;USUARI<\/strong><\/p>\n\n\n\n<p><strong>CAN PAMPLONA, SL<\/strong>, com a Responsable del Tractament, us informa que, segons el que disposa el Reglament (UE) 2016\/679, de 27 d&#039;abril, (RGPD) ia la LO 3\/2018, de 5 de desembre, de protecci\u00f3 de dades i garantia dels drets digitals (LOPDGDD), tractarem les vostres dades tal com reflectim en aquesta Pol\u00edtica de Privadesa.<\/p>\n\n\n\n<p>En aquesta Pol\u00edtica de Privadesa descrivim com recollim les vostres dades personals i per qu\u00e8 les recollim, qu\u00e8 fem amb elles, amb qui les compartim, com les protegim i les seves opcions pel que fa al tractament de les vostres dades personals.<\/p>\n\n\n\n<p>Aquesta Pol\u00edtica s&#039;aplica al tractament de les vostres dades personals recollides per l&#039;empresa per a la prestaci\u00f3 dels seus serveis. Si accepteu les mesures d&#039;aquesta Pol\u00edtica, accepteu que tractem les vostres dades personals com es defineix en aquesta Pol\u00edtica.<\/p>\n\n\n\n<p><strong>2. CONTACTE<\/strong><\/p>\n\n\n\n<p>Denominaci\u00f3 social:&nbsp;<strong>CAN PAMPLONA, SL<\/strong><br>Nom comercial:&nbsp;<strong>HOTEL CAN PAMPLONA<\/strong><br>CIF:&nbsp;<strong>&nbsp;B58110438<\/strong><br>Domicili:&nbsp;<strong>Eix Onze Setembre, 10<\/strong>&nbsp;<strong>08550 VIC<\/strong><br>e-mail:&nbsp;<strong>info@canpamplona.com<\/strong><br>&nbsp;<br><strong>3. PRINCIPIS CLAU<\/strong><\/p>\n\n\n\n<p>Sempre hem estat compromesos amb prestar els nostres serveis amb el m\u00e9s alt grau de qualitat, cosa que inclou tractar les seves dades amb seguretat i transpar\u00e8ncia. Els nostres principis s\u00f3n:<\/p>\n\n\n\n<ul class=\"wp-block-list\">\n<li><strong>Legalitat<\/strong>: Nom\u00e9s recopilarem les vostres Dades personals per a fins espec\u00edfics, expl\u00edcits i leg\u00edtims.<\/li>\n\n\n\n<li><strong>Minimitzaci\u00f3 de dades<\/strong>: Limitem la recollida de dades de car\u00e0cter personal a all\u00f2 que \u00e9s estrictament rellevant i necessari per als fins per als que s&#039;han recopilat.<\/li>\n\n\n\n<li><strong>Limitaci\u00f3 de la Finalitat<\/strong>: Nom\u00e9s recollirem les vostres dades personals per als fins declarats i nom\u00e9s segons els vostres desitjos.<\/li>\n\n\n\n<li><strong>Precisi\u00f3<\/strong>: Mantindrem les vostres dades personals exactes i actualitzades.<\/li>\n\n\n\n<li><strong>Seguretat de les Dades<\/strong>: Apliquem les mesures t\u00e8cniques i organitzatives adequades i proporcionals als riscos per garantir que les seves dades no pateixin danys, com ara divulgaci\u00f3 o acc\u00e9s no autoritzat, la destrucci\u00f3 accidental o il\u00b7l\u00edcita o la seva p\u00e8rdua accidental o alteraci\u00f3 i qualsevol altra forma de tractament il\u00b7l\u00edcit.<\/li>\n\n\n\n<li><strong>Acc\u00e9s i Rectificaci\u00f3<\/strong>: Disposem de mitjans perqu\u00e8 accedeixi o rectifiqui les seves dades quan ho consideri oport\u00fa.<\/li>\n\n\n\n<li><strong>Conservaci\u00f3<\/strong>: Conservem les vostres dades personals de manera legal i apropiada i nom\u00e9s mentre \u00e9s necessari per als fins per als que s&#039;han recopilat.<\/li>\n\n\n\n<li><strong>Les transfer\u00e8ncies internacionals<\/strong>: quan es doni el cas que les seves dades siguin transferides fora de la UE\/EEE es protegiran adequadament.<\/li>\n\n\n\n<li><strong>Tercers<\/strong>: L&#039;acc\u00e9s i la transfer\u00e8ncia de dades personals a tercers es duen a terme d&#039;acord amb les lleis i els reglaments aplicables i amb les garanties contractuals adequades.<\/li>\n\n\n\n<li><strong>M\u00e0rqueting Directe i cookies<\/strong>: Complim amb la legislaci\u00f3 aplicable en mat\u00e8ria de publicitat i galetes.<\/li>\n<\/ul>\n\n\n\n<p><strong>4. RECOLLIDA I TRACTAMENT DE LES SEVES DADES PERSONALS<\/strong><br>Els tipus de dades que es poden sol\u00b7licitar i tractar s\u00f3n:<\/p>\n\n\n\n<ul class=\"wp-block-list\">\n<li>Dades de car\u00e0cter identificatiu.<\/li>\n<\/ul>\n\n\n\n<p>Tamb\u00e9 recollim de forma autom\u00e0tica dades sobre la seva visita al nostre lloc web segons es descriu a la pol\u00edtica de cookies.<\/p>\n\n\n\n<p>Sempre que sol\u00b7licitem les vostres Dades personals, us informarem amb claredat de quines dades personals recollim i amb quina finalitat. En general, recollim i tractem les vostres dades personals amb el prop\u00f2sit de:<\/p>\n\n\n\n<ul class=\"wp-block-list\">\n<li>Proporcionar informaci\u00f3, serveis, productes, informaci\u00f3 rellevant i novetats al sector.<\/li>\n\n\n\n<li>Enviament de comunicacions.<\/li>\n<\/ul>\n\n\n\n<p><strong>5. LEGITIMITAT<\/strong><\/p>\n\n\n\n<p>D&#039;acord amb la normativa de protecci\u00f3 de dades aplicable, les vostres dades personals es poden tractar sempre que:<\/p>\n\n\n\n<ul class=\"wp-block-list\">\n<li>Ens ha donat el consentiment als efectes del tractament. Per descomptat, podr\u00e0 retirar el seu consentiment en qualsevol moment.<\/li>\n\n\n\n<li>Per requeriment legal.<\/li>\n\n\n\n<li>Per existir un inter\u00e8s leg\u00edtim que no es vegi menyscabat pels seus drets de privadesa, com per exemple l&#039;enviament d&#039;informaci\u00f3 comercial b\u00e9 per subscripci\u00f3 a la nostra newsletter o per la seva condici\u00f3 de client.<\/li>\n\n\n\n<li>Per aix\u00f2 \u00e9s necess\u00e0ria per a la prestaci\u00f3 d&#039;algun dels nostres serveis mitjan\u00e7ant relaci\u00f3 contractual entre vost\u00e8 i nosaltres.<\/li>\n<\/ul>\n\n\n\n<p><strong>6. COMUNICACI\u00d3 DE DADES PERSONALS<\/strong><\/p>\n\n\n\n<p>Les dades poden ser comunicades a empreses relacionades amb&nbsp;<strong>CAN PAMPLONA, SL<\/strong>&nbsp;per a la prestaci\u00f3 dels diversos serveis en qualitat d&#039;encarregats del tractament. L&#039;empresa no far\u00e0 cap cessi\u00f3, excepte per obligaci\u00f3 legal.<\/p>\n\n\n\n<p><strong>7. ELS SEUS DRETS<\/strong><\/p>\n\n\n\n<p>En relaci\u00f3 amb la recollida i tractament de les vostres dades personals, podeu posar-vos en contacte amb nosaltres en qualsevol moment per:<\/p>\n\n\n\n<ul class=\"wp-block-list\">\n<li>Accedir a les vostres dades personals ia qualsevol altra informaci\u00f3 indicada a l&#039;article 15.1 del RGPD.<\/li>\n\n\n\n<li>Rectificar les dades personals que siguin inexactes o estiguin incompletes d&#039;acord amb l&#039;article 16 del RGPD.<\/li>\n\n\n\n<li>Suprimir les vostres dades personals d&#039;acord amb l&#039;article 17 del RGPD.<\/li>\n\n\n\n<li>Limitar el tractament de les vostres dades personals d&#039;acord amb l&#039;article 18 del RGPD.<\/li>\n\n\n\n<li>Sol\u00b7licitar la portabilitat de les vostres dades d&#039;acord amb l&#039;article 20 del&nbsp;<a href=\"https:\/\/web.archive.org\/web\/20230326034454\/https:\/\/presencialismo.com\/\" target=\"_blank\" rel=\"noreferrer noopener\">RGPD<\/a>.<\/li>\n\n\n\n<li>Oposar-se al tractament de les vostres dades personals d&#039;acord amb l&#039;article 21 del RGPD.<\/li>\n<\/ul>\n\n\n\n<p>Si heu atorgat el vostre consentiment per a alguna finalitat concreta, teniu dret a retirar el consentiment atorgat en qualsevol moment, sense que aix\u00f2 afecti la licitud del tractament basat en el consentiment previ a la seva retirada&nbsp;<a href=\"https:\/\/web.archive.org\/web\/20230326034454\/https:\/\/presencialismo.com\/\" target=\"_blank\" rel=\"noreferrer noopener\">rrhh<\/a>.<\/p>\n\n\n\n<p>Podeu exercir aquests drets enviant comunicaci\u00f3, motivada i acreditada, a&nbsp;<strong>Hotel Can Pamplona<\/strong>, amb domicili al&nbsp;<strong>Eix Onze Setembre, 10<\/strong>&nbsp;<strong>08550 VIC<\/strong>, o per e-mail&nbsp;<a href=\"https:\/\/web.archive.org\/web\/20230326034454\/mailto:info@canpamplona.com\"><strong>info@canpamplona.com<\/strong><\/a><\/p>\n\n\n\n<p>Tamb\u00e9 t\u00e9 dret a presentar una reclamaci\u00f3 davant de l&#039;Autoritat de control competent (<a href=\"https:\/\/web.archive.org\/web\/20230326034454\/https:\/\/aepd.es\/\" target=\"_blank\" rel=\"noreferrer noopener\">www.aepd.es<\/a>) si considera que el tractament no s&#039;ajusta a la normativa vigent.<\/p>\n\n\n\n<p><strong>8. INFORMACI\u00d3 LEGAL<\/strong><br>Els requisits d&#039;aquesta Pol\u00edtica complementen, i no reemplacen, qualsevol altre requisit existent sota la llei de protecci\u00f3 de dades aplicable, que ser\u00e0 la que prevalgui en qualsevol cas.<\/p>","protected":false},"excerpt":{"rendered":"<p>1.&nbsp;INFORMACI\u00d3N AL USUARIO CAN PAMPLONA, S.L., como Responsable del Tratamiento, le informa que, seg\u00fan lo dispuesto en el Reglamento (UE) 2016\/679, de 27 de abril, (RGPD) y en la L.O. 3\/2018, de 5 de diciembre, de protecci\u00f3n de datos y garant\u00eda de los derechos digitales (LOPDGDD), trataremos su datos tal y como reflejamos en la [&hellip;]<\/p>\n","protected":false},"author":2,"featured_media":0,"parent":0,"menu_order":0,"comment_status":"closed","ping_status":"closed","template":"","meta":{"site-sidebar-layout":"no-sidebar","site-content-layout":"plain-container","ast-site-content-layout":"normal-width-container","site-content-style":"unboxed","site-sidebar-style":"unboxed","ast-global-header-display":"","ast-banner-title-visibility":"","ast-main-header-display":"","ast-hfb-above-header-display":"","ast-hfb-below-header-display":"","ast-hfb-mobile-header-display":"","site-post-title":"disabled","ast-breadcrumbs-content":"","ast-featured-img":"disabled","footer-sml-layout":"","theme-transparent-header-meta":"enabled","adv-header-id-meta":"","stick-header-meta":"","header-above-stick-meta":"","header-main-stick-meta":"","header-below-stick-meta":"","astra-migrate-meta-layouts":"set","ast-page-background-enabled":"default","ast-page-background-meta":{"desktop":{"background-color":"","background-image":"","background-repeat":"repeat","background-position":"center center","background-size":"auto","background-attachment":"scroll","background-type":"","background-media":"","overlay-type":"","overlay-color":"","overlay-gradient":""},"tablet":{"background-color":"","background-image":"","background-repeat":"repeat","background-position":"center center","background-size":"auto","background-attachment":"scroll","background-type":"","background-media":"","overlay-type":"","overlay-color":"","overlay-gradient":""},"mobile":{"background-color":"","background-image":"","background-repeat":"repeat","background-position":"center center","background-size":"auto","background-attachment":"scroll","background-type":"","background-media":"","overlay-type":"","overlay-color":"","overlay-gradient":""}},"ast-content-background-meta":{"desktop":{"background-color":"var(--ast-global-color-5)","background-image":"","background-repeat":"repeat","background-position":"center center","background-size":"auto","background-attachment":"scroll","background-type":"","background-media":"","overlay-type":"","overlay-color":"","overlay-gradient":""},"tablet":{"background-color":"var(--ast-global-color-5)","background-image":"","background-repeat":"repeat","background-position":"center center","background-size":"auto","background-attachment":"scroll","background-type":"","background-media":"","overlay-type":"","overlay-color":"","overlay-gradient":""},"mobile":{"background-color":"var(--ast-global-color-5)","background-image":"","background-repeat":"repeat","background-position":"center center","background-size":"auto","background-attachment":"scroll","background-type":"","background-media":"","overlay-type":"","overlay-color":"","overlay-gradient":""}},"footnotes":""},"class_list":["post-670","page","type-page","status-publish","hentry"],"yoast_head":"<!-- This site is optimized with the Yoast SEO plugin v27.1.1 - https:\/\/yoast.com\/product\/yoast-seo-wordpress\/ -->\n<title>Pol\u00edtica de Privacidad | Hotel en Vic \u2013 Can Pamplona<\/title>\n<meta name=\"description\" content=\"Lee la Pol\u00edtica de Privacidad del Hotel Can Pamplona y conoce c\u00f3mo tratamos tus datos personales garantizando seguridad, transparencia y cumplimiento legal.\" \/>\n<meta name=\"robots\" content=\"index, follow, max-snippet:-1, max-image-preview:large, max-video-preview:-1\" \/>\n<link rel=\"canonical\" href=\"https:\/\/canpamplona.com\/ca\/politica-de-privacidad\/\" \/>\n<meta property=\"og:locale\" content=\"ca_ES\" \/>\n<meta property=\"og:type\" content=\"article\" \/>\n<meta property=\"og:title\" content=\"Pol\u00edtica de Privacidad | Hotel en Vic \u2013 Can Pamplona\" \/>\n<meta property=\"og:description\" content=\"Lee la Pol\u00edtica de Privacidad del Hotel Can Pamplona y conoce c\u00f3mo tratamos tus datos personales garantizando seguridad, transparencia y cumplimiento legal.\" \/>\n<meta property=\"og:url\" content=\"https:\/\/canpamplona.com\/ca\/politica-de-privacidad\/\" \/>\n<meta property=\"og:site_name\" content=\"Hotel Can Pamplona | Hotel En Vic | Web Oficial\" \/>\n<meta property=\"article:publisher\" content=\"https:\/\/www.facebook.com\/HotelCanPamplona\" \/>\n<meta property=\"article:modified_time\" content=\"2025-12-03T16:40:22+00:00\" \/>\n<meta property=\"og:image\" content=\"https:\/\/canpamplona.com\/wp-content\/uploads\/2023\/06\/170601-Can-Pamplona-BAIXA-61-e1764837186735.jpg\" \/>\n\t<meta property=\"og:image:width\" content=\"1700\" \/>\n\t<meta property=\"og:image:height\" content=\"1133\" \/>\n\t<meta property=\"og:image:type\" content=\"image\/jpeg\" \/>\n<meta name=\"twitter:card\" content=\"summary_large_image\" \/>\n<meta name=\"twitter:label1\" content=\"Temps estimat de lectura\" \/>\n\t<meta name=\"twitter:data1\" content=\"5 minuts\" \/>\n<script type=\"application\/ld+json\" class=\"yoast-schema-graph\">{\"@context\":\"https:\/\/schema.org\",\"@graph\":[{\"@type\":\"WebPage\",\"@id\":\"https:\/\/canpamplona.com\/politica-de-privacidad\/\",\"url\":\"https:\/\/canpamplona.com\/politica-de-privacidad\/\",\"name\":\"Pol\u00edtica de Privacidad | Hotel en Vic \u2013 Can Pamplona\",\"isPartOf\":{\"@id\":\"\/#website\"},\"datePublished\":\"2022-06-26T17:09:51+00:00\",\"dateModified\":\"2025-12-03T16:40:22+00:00\",\"description\":\"Lee la Pol\u00edtica de Privacidad del Hotel Can Pamplona y conoce c\u00f3mo tratamos tus datos personales garantizando seguridad, transparencia y cumplimiento legal.\",\"breadcrumb\":{\"@id\":\"https:\/\/canpamplona.com\/politica-de-privacidad\/#breadcrumb\"},\"inLanguage\":\"ca\",\"potentialAction\":[{\"@type\":\"ReadAction\",\"target\":[\"https:\/\/canpamplona.com\/politica-de-privacidad\/\"]}]},{\"@type\":\"BreadcrumbList\",\"@id\":\"https:\/\/canpamplona.com\/politica-de-privacidad\/#breadcrumb\",\"itemListElement\":[{\"@type\":\"ListItem\",\"position\":1,\"name\":\"Portada\",\"item\":\"https:\/\/canpamplona.com\/\"},{\"@type\":\"ListItem\",\"position\":2,\"name\":\"Pol\u00edtica de Privacidad\"}]},{\"@type\":\"WebSite\",\"@id\":\"\/#website\",\"url\":\"\/\",\"name\":\"Hotel Can Pamplona | Hotel En Vic | Web Oficial\",\"description\":\"Hotel Can Pamplona es un hotel en Vic B&amp;B. Un hotel urbano rehabilitado con un estilo moderno y al precio m\u00e1s econ\u00f3mico. Reserva aqu\u00ed.\",\"publisher\":{\"@id\":\"\/#organization\"},\"potentialAction\":[{\"@type\":\"SearchAction\",\"target\":{\"@type\":\"EntryPoint\",\"urlTemplate\":\"\/?s={search_term_string}\"},\"query-input\":{\"@type\":\"PropertyValueSpecification\",\"valueRequired\":true,\"valueName\":\"search_term_string\"}}],\"inLanguage\":\"ca\"},{\"@type\":\"Organization\",\"@id\":\"\/#organization\",\"name\":\"Hotel Can Pamplona\",\"url\":\"\/\",\"logo\":{\"@type\":\"ImageObject\",\"inLanguage\":\"ca\",\"@id\":\"\/#\/schema\/logo\/image\/\",\"url\":\"https:\/\/canpamplona.com\/wp-content\/uploads\/2025\/03\/LogoCanPamplonatopocolor-02.jpg\",\"contentUrl\":\"https:\/\/canpamplona.com\/wp-content\/uploads\/2025\/03\/LogoCanPamplonatopocolor-02.jpg\",\"width\":2480,\"height\":2480,\"caption\":\"Hotel Can Pamplona\"},\"image\":{\"@id\":\"\/#\/schema\/logo\/image\/\"},\"sameAs\":[\"https:\/\/www.facebook.com\/HotelCanPamplona\",\"https:\/\/www.instagram.com\/hotelcanpamplonavic\/\"]}]}<\/script>\n<!-- \/ Yoast SEO plugin. -->","yoast_head_json":{"title":"Pol\u00edtica de Privadesa | Hotel a Vic \u2013 Can Pamplona","description":"Llegeix la Pol\u00edtica de Privadesa de l&#039;Hotel Can Pamplona i coneix com tractem les teves dades personals garantint seguretat, transpar\u00e8ncia i compliment legal.","robots":{"index":"index","follow":"follow","max-snippet":"max-snippet:-1","max-image-preview":"max-image-preview:large","max-video-preview":"max-video-preview:-1"},"canonical":"https:\/\/canpamplona.com\/ca\/politica-de-privacidad\/","og_locale":"ca_ES","og_type":"article","og_title":"Pol\u00edtica de Privacidad | Hotel en Vic \u2013 Can Pamplona","og_description":"Lee la Pol\u00edtica de Privacidad del Hotel Can Pamplona y conoce c\u00f3mo tratamos tus datos personales garantizando seguridad, transparencia y cumplimiento legal.","og_url":"https:\/\/canpamplona.com\/ca\/politica-de-privacidad\/","og_site_name":"Hotel Can Pamplona | Hotel En Vic | Web Oficial","article_publisher":"https:\/\/www.facebook.com\/HotelCanPamplona","article_modified_time":"2025-12-03T16:40:22+00:00","og_image":[{"width":1700,"height":1133,"url":"https:\/\/canpamplona.com\/wp-content\/uploads\/2023\/06\/170601-Can-Pamplona-BAIXA-61-e1764837186735.jpg","type":"image\/jpeg"}],"twitter_card":"summary_large_image","twitter_misc":{"Temps estimat de lectura":"5 minuts"},"schema":{"@context":"https:\/\/schema.org","@graph":[{"@type":"WebPage","@id":"https:\/\/canpamplona.com\/politica-de-privacidad\/","url":"https:\/\/canpamplona.com\/politica-de-privacidad\/","name":"Pol\u00edtica de Privadesa | Hotel a Vic \u2013 Can Pamplona","isPartOf":{"@id":"\/#website"},"datePublished":"2022-06-26T17:09:51+00:00","dateModified":"2025-12-03T16:40:22+00:00","description":"Llegeix la Pol\u00edtica de Privadesa de l&#039;Hotel Can Pamplona i coneix com tractem les teves dades personals garantint seguretat, transpar\u00e8ncia i compliment legal.","breadcrumb":{"@id":"https:\/\/canpamplona.com\/politica-de-privacidad\/#breadcrumb"},"inLanguage":"ca","potentialAction":[{"@type":"ReadAction","target":["https:\/\/canpamplona.com\/politica-de-privacidad\/"]}]},{"@type":"BreadcrumbList","@id":"https:\/\/canpamplona.com\/politica-de-privacidad\/#breadcrumb","itemListElement":[{"@type":"ListItem","position":1,"name":"Portada","item":"https:\/\/canpamplona.com\/"},{"@type":"ListItem","position":2,"name":"Pol\u00edtica de Privacidad"}]},{"@type":"WebSite","@id":"\/#website","url":"\/","name":"Hotel Can Pamplona | Hotel A Vic | Web Oficial","description":"Hotel Can Pamplona \u00e9s un hotel a Vic B&amp;B. Un hotel urb\u00e0 rehabilitat amb un estil modern i al preu m\u00e9s econ\u00f2mic. Reserva aqu\u00ed.","publisher":{"@id":"\/#organization"},"potentialAction":[{"@type":"SearchAction","target":{"@type":"EntryPoint","urlTemplate":"\/?s={search_term_string}"},"query-input":{"@type":"PropertyValueSpecification","valueRequired":true,"valueName":"search_term_string"}}],"inLanguage":"ca"},{"@type":"Organization","@id":"\/#organization","name":"Hotel Can Pamplona","url":"\/","logo":{"@type":"ImageObject","inLanguage":"ca","@id":"\/#\/schema\/logo\/image\/","url":"https:\/\/canpamplona.com\/wp-content\/uploads\/2025\/03\/LogoCanPamplonatopocolor-02.jpg","contentUrl":"https:\/\/canpamplona.com\/wp-content\/uploads\/2025\/03\/LogoCanPamplonatopocolor-02.jpg","width":2480,"height":2480,"caption":"Hotel Can Pamplona"},"image":{"@id":"\/#\/schema\/logo\/image\/"},"sameAs":["https:\/\/www.facebook.com\/HotelCanPamplona","https:\/\/www.instagram.com\/hotelcanpamplonavic\/"]}]}},"_links":{"self":[{"href":"https:\/\/canpamplona.com\/ca\/wp-json\/wp\/v2\/pages\/670","targetHints":{"allow":["GET"]}}],"collection":[{"href":"https:\/\/canpamplona.com\/ca\/wp-json\/wp\/v2\/pages"}],"about":[{"href":"https:\/\/canpamplona.com\/ca\/wp-json\/wp\/v2\/types\/page"}],"author":[{"embeddable":true,"href":"https:\/\/canpamplona.com\/ca\/wp-json\/wp\/v2\/users\/2"}],"replies":[{"embeddable":true,"href":"https:\/\/canpamplona.com\/ca\/wp-json\/wp\/v2\/comments?post=670"}],"version-history":[{"count":1,"href":"https:\/\/canpamplona.com\/ca\/wp-json\/wp\/v2\/pages\/670\/revisions"}],"predecessor-version":[{"id":4086,"href":"https:\/\/canpamplona.com\/ca\/wp-json\/wp\/v2\/pages\/670\/revisions\/4086"}],"wp:attachment":[{"href":"https:\/\/canpamplona.com\/ca\/wp-json\/wp\/v2\/media?parent=670"}],"curies":[{"name":"wp","href":"https:\/\/api.w.org\/{rel}","templated":true}]}}