{"id":1899,"date":"2022-11-27T22:41:15","date_gmt":"2022-11-27T22:41:15","guid":{"rendered":"https:\/\/canpamplona.com\/?post_type=product&#038;p=1899"},"modified":"2025-12-04T08:29:06","modified_gmt":"2025-12-04T08:29:06","slug":"escapada-en-pareja","status":"publish","type":"product","link":"https:\/\/canpamplona.com\/ca\/producte\/nit-romantica-en-parella\/","title":{"rendered":"Pack Escapada a Parella"},"content":{"rendered":"<h2><strong>Qu\u00e8 inclou al nostre Pack Escapada a Parella?<\/strong><\/h2>\n<ul>\n<li>2 nits a l&#039;habitaci\u00f3 doble de l&#039;hotel Can Pamplona<\/li>\n<li>Esmorzar bufet<\/li>\n<li>Late Check Out (subjecte a disponibilitat)<\/li>\n<\/ul>\n<p><strong>Disponibilitat: <\/strong>Pack est\u00e0 disponible durant la temporada mitjana i baixa, i\u00a0<span class=\"OYPEnA text-decoration-none text-strikethrough-none\">segons la temporada que hagis escollit<\/span>. <span class=\"OYPEnA text-decoration-none text-strikethrough-none\">Aquest xec t\u00e9 caducitat de 1 any, a partir del dia de la compra.<\/span><\/p>\n<p><strong>Com rebr\u00e9 el xec? <\/strong>Un cop comprat el xec regal, rebr\u00e0s un val en format PDF pel correu electr\u00f2nic que ens hagis adjuntat.<\/p>\n<p><strong>Com puc bescanviar el Xec? <\/strong>Per bescanviar el bo i reservar, haur\u00e0s de trucar a l&#039;hotel al <a href=\"tel:+34 93 883 31 12\">(+34) 93 883 31 12<\/a> o enviar un correu a <a href=\"mailto:info@canpamplona.com\">info@canpamplona.com<\/a> dient els dies que desitges fer la reserva. Tot seguit, rebr\u00e0s un correu confirmant la teva reserva.<\/p>\n<p><strong><span class=\"OYPEnA text-decoration-none text-strikethrough-none\">** <\/span><span class=\"OYPEnA text-decoration-none text-strikethrough-none\">Temporades<\/span><\/strong><span class=\"OYPEnA text-decoration-none text-strikethrough-none\">: Temporada Baixa (desembre, gener i agost) | Temporada Mitjana (resta de l&#039;any, excepte temporada baixa i alta)| Temporada Alta (Mercat Medieval i Mercat Musica Viva de Vic)<\/span><\/p>","protected":false},"excerpt":{"rendered":"<p>Aconsegueix el teu Pack Escapada a Parella a l&#039;Hotel Can Pamplona. Ideal per desconnectar i gaudir d\u00b4una escapada al costat de la teva parella.<\/p>\n<p>Tria la temporada que vulguis i veur\u00e0s el preu autom\u00e0ticament.<\/p>","protected":false},"featured_media":3437,"comment_status":"closed","ping_status":"closed","template":"","meta":{"site-sidebar-layout":"default","site-content-layout":"default","ast-site-content-layout":"default","site-content-style":"default","site-sidebar-style":"default","ast-global-header-display":"","ast-banner-title-visibility":"","ast-main-header-display":"","ast-hfb-above-header-display":"","ast-hfb-below-header-display":"","ast-hfb-mobile-header-display":"","site-post-title":"","ast-breadcrumbs-content":"","ast-featured-img":"","footer-sml-layout":"","theme-transparent-header-meta":"default","adv-header-id-meta":"","stick-header-meta":"default","header-above-stick-meta":"","header-main-stick-meta":"","header-below-stick-meta":"","astra-migrate-meta-layouts":"set","ast-page-background-enabled":"default","ast-page-background-meta":{"desktop":{"background-color":"","background-image":"","background-repeat":"repeat","background-position":"center center","background-size":"auto","background-attachment":"scroll","background-type":"","background-media":"","overlay-type":"","overlay-color":"","overlay-gradient":""},"tablet":{"background-color":"","background-image":"","background-repeat":"repeat","background-position":"center center","background-size":"auto","background-attachment":"scroll","background-type":"","background-media":"","overlay-type":"","overlay-color":"","overlay-gradient":""},"mobile":{"background-color":"","background-image":"","background-repeat":"repeat","background-position":"center center","background-size":"auto","background-attachment":"scroll","background-type":"","background-media":"","overlay-type":"","overlay-color":"","overlay-gradient":""}},"ast-content-background-meta":{"desktop":{"background-color":"var(--ast-global-color-5)","background-image":"","background-repeat":"repeat","background-position":"center center","background-size":"auto","background-attachment":"scroll","background-type":"","background-media":"","overlay-type":"","overlay-color":"","overlay-gradient":""},"tablet":{"background-color":"var(--ast-global-color-5)","background-image":"","background-repeat":"repeat","background-position":"center center","background-size":"auto","background-attachment":"scroll","background-type":"","background-media":"","overlay-type":"","overlay-color":"","overlay-gradient":""},"mobile":{"background-color":"var(--ast-global-color-5)","background-image":"","background-repeat":"repeat","background-position":"center center","background-size":"auto","background-attachment":"scroll","background-type":"","background-media":"","overlay-type":"","overlay-color":"","overlay-gradient":""}}},"product_brand":[],"product_cat":[20],"product_tag":[],"class_list":{"0":"post-1899","1":"product","2":"type-product","3":"status-publish","4":"has-post-thumbnail","6":"product_cat-sin-categorizar","7":"desktop-align-left","8":"tablet-align-left","9":"mobile-align-left","10":"ast-product-gallery-layout-horizontal-slider","11":"ast-product-single-variable","12":"ast-product-tabs-layout-horizontal","14":"first","15":"instock","16":"shipping-taxable","17":"purchasable","18":"product-type-variable"},"yoast_head":"<!-- This site is optimized with the Yoast SEO plugin v27.1.1 - https:\/\/yoast.com\/product\/yoast-seo-wordpress\/ -->\n<title>Escapada en Pareja | Pack Hotel en Vic | Bono Regalo<\/title>\n<meta name=\"description\" content=\"Vive una escapada en pareja en Vic con nuestro pack rom\u00e1ntico: alojamiento acogedor, tranquilidad y planes especiales para disfrutar juntos de la ciudad.\" \/>\n<meta name=\"robots\" content=\"index, follow, max-snippet:-1, max-image-preview:large, max-video-preview:-1\" \/>\n<link rel=\"canonical\" href=\"https:\/\/canpamplona.com\/ca\/producte\/nit-romantica-en-parella\/\" \/>\n<meta property=\"og:locale\" content=\"ca_ES\" \/>\n<meta property=\"og:type\" content=\"article\" \/>\n<meta property=\"og:title\" content=\"Escapada en Pareja | Pack Hotel en Vic | Bono Regalo\" \/>\n<meta property=\"og:description\" content=\"Vive una escapada en pareja en Vic con nuestro pack rom\u00e1ntico: alojamiento acogedor, tranquilidad y planes especiales para disfrutar juntos de la ciudad.\" \/>\n<meta property=\"og:url\" content=\"https:\/\/canpamplona.com\/ca\/producte\/nit-romantica-en-parella\/\" \/>\n<meta property=\"og:site_name\" content=\"Hotel Can Pamplona | Hotel En Vic | Web Oficial\" \/>\n<meta property=\"article:publisher\" content=\"https:\/\/www.facebook.com\/HotelCanPamplona\" \/>\n<meta property=\"article:modified_time\" content=\"2025-12-04T08:29:06+00:00\" \/>\n<meta property=\"og:image\" content=\"https:\/\/canpamplona.com\/wp-content\/uploads\/2023\/10\/20221123_CanPamplona_249-1024x683.jpg\" \/>\n\t<meta property=\"og:image:width\" content=\"1024\" \/>\n\t<meta property=\"og:image:height\" content=\"683\" \/>\n\t<meta property=\"og:image:type\" content=\"image\/jpeg\" \/>\n<meta name=\"twitter:card\" content=\"summary_large_image\" \/>\n<meta name=\"twitter:label1\" content=\"Temps estimat de lectura\" \/>\n\t<meta name=\"twitter:data1\" content=\"1 minut\" \/>\n<script type=\"application\/ld+json\" class=\"yoast-schema-graph\">{\"@context\":\"https:\/\/schema.org\",\"@graph\":[{\"@type\":\"WebPage\",\"@id\":\"https:\/\/canpamplona.com\/producto\/escapada-en-pareja\/\",\"url\":\"https:\/\/canpamplona.com\/producto\/escapada-en-pareja\/\",\"name\":\"Escapada en Pareja | Pack Hotel en Vic | Bono Regalo\",\"isPartOf\":{\"@id\":\"\/#website\"},\"primaryImageOfPage\":{\"@id\":\"https:\/\/canpamplona.com\/producto\/escapada-en-pareja\/#primaryimage\"},\"image\":{\"@id\":\"https:\/\/canpamplona.com\/producto\/escapada-en-pareja\/#primaryimage\"},\"thumbnailUrl\":\"https:\/\/canpamplona.com\/wp-content\/uploads\/2023\/10\/20221123_CanPamplona_249.jpg\",\"datePublished\":\"2022-11-27T22:41:15+00:00\",\"dateModified\":\"2025-12-04T08:29:06+00:00\",\"description\":\"Vive una escapada en pareja en Vic con nuestro pack rom\u00e1ntico: alojamiento acogedor, tranquilidad y planes especiales para disfrutar juntos de la ciudad.\",\"breadcrumb\":{\"@id\":\"https:\/\/canpamplona.com\/producto\/escapada-en-pareja\/#breadcrumb\"},\"inLanguage\":\"ca\",\"potentialAction\":[{\"@type\":\"ReadAction\",\"target\":[\"https:\/\/canpamplona.com\/producto\/escapada-en-pareja\/\"]}]},{\"@type\":\"ImageObject\",\"inLanguage\":\"ca\",\"@id\":\"https:\/\/canpamplona.com\/producto\/escapada-en-pareja\/#primaryimage\",\"url\":\"https:\/\/canpamplona.com\/wp-content\/uploads\/2023\/10\/20221123_CanPamplona_249.jpg\",\"contentUrl\":\"https:\/\/canpamplona.com\/wp-content\/uploads\/2023\/10\/20221123_CanPamplona_249.jpg\",\"width\":2500,\"height\":1667},{\"@type\":\"BreadcrumbList\",\"@id\":\"https:\/\/canpamplona.com\/producto\/escapada-en-pareja\/#breadcrumb\",\"itemListElement\":[{\"@type\":\"ListItem\",\"position\":1,\"name\":\"Portada\",\"item\":\"https:\/\/canpamplona.com\/\"},{\"@type\":\"ListItem\",\"position\":2,\"name\":\"Pack Escapada en Pareja\"}]},{\"@type\":\"WebSite\",\"@id\":\"\/#website\",\"url\":\"\/\",\"name\":\"Hotel Can Pamplona | Hotel En Vic | Web Oficial\",\"description\":\"Hotel Can Pamplona es un hotel en Vic B&amp;B. Un hotel urbano rehabilitado con un estilo moderno y al precio m\u00e1s econ\u00f3mico. Reserva aqu\u00ed.\",\"publisher\":{\"@id\":\"\/#organization\"},\"potentialAction\":[{\"@type\":\"SearchAction\",\"target\":{\"@type\":\"EntryPoint\",\"urlTemplate\":\"\/?s={search_term_string}\"},\"query-input\":{\"@type\":\"PropertyValueSpecification\",\"valueRequired\":true,\"valueName\":\"search_term_string\"}}],\"inLanguage\":\"ca\"},{\"@type\":\"Organization\",\"@id\":\"\/#organization\",\"name\":\"Hotel Can Pamplona\",\"url\":\"\/\",\"logo\":{\"@type\":\"ImageObject\",\"inLanguage\":\"ca\",\"@id\":\"\/#\/schema\/logo\/image\/\",\"url\":\"https:\/\/canpamplona.com\/wp-content\/uploads\/2025\/03\/LogoCanPamplonatopocolor-02.jpg\",\"contentUrl\":\"https:\/\/canpamplona.com\/wp-content\/uploads\/2025\/03\/LogoCanPamplonatopocolor-02.jpg\",\"width\":2480,\"height\":2480,\"caption\":\"Hotel Can Pamplona\"},\"image\":{\"@id\":\"\/#\/schema\/logo\/image\/\"},\"sameAs\":[\"https:\/\/www.facebook.com\/HotelCanPamplona\",\"https:\/\/www.instagram.com\/hotelcanpamplonavic\/\"]}]}<\/script>\n<!-- \/ Yoast SEO plugin. -->","yoast_head_json":{"title":"Escapada a Parella | Pack Hotel a Vic | Bono Regal","description":"Viu una escapada en parella a Vic amb el nostre pack rom\u00e0ntic: allotjament acollidor, tranquil\u00b7litat i plans especials per gaudir plegats de la ciutat.","robots":{"index":"index","follow":"follow","max-snippet":"max-snippet:-1","max-image-preview":"max-image-preview:large","max-video-preview":"max-video-preview:-1"},"canonical":"https:\/\/canpamplona.com\/ca\/producte\/nit-romantica-en-parella\/","og_locale":"ca_ES","og_type":"article","og_title":"Escapada en Pareja | Pack Hotel en Vic | Bono Regalo","og_description":"Vive una escapada en pareja en Vic con nuestro pack rom\u00e1ntico: alojamiento acogedor, tranquilidad y planes especiales para disfrutar juntos de la ciudad.","og_url":"https:\/\/canpamplona.com\/ca\/producte\/nit-romantica-en-parella\/","og_site_name":"Hotel Can Pamplona | Hotel En Vic | Web Oficial","article_publisher":"https:\/\/www.facebook.com\/HotelCanPamplona","article_modified_time":"2025-12-04T08:29:06+00:00","og_image":[{"width":1024,"height":683,"url":"https:\/\/canpamplona.com\/wp-content\/uploads\/2023\/10\/20221123_CanPamplona_249-1024x683.jpg","type":"image\/jpeg"}],"twitter_card":"summary_large_image","twitter_misc":{"Temps estimat de lectura":"1 minut"},"schema":{"@context":"https:\/\/schema.org","@graph":[{"@type":"WebPage","@id":"https:\/\/canpamplona.com\/producto\/escapada-en-pareja\/","url":"https:\/\/canpamplona.com\/producto\/escapada-en-pareja\/","name":"Escapada a Parella | Pack Hotel a Vic | Bono Regal","isPartOf":{"@id":"\/#website"},"primaryImageOfPage":{"@id":"https:\/\/canpamplona.com\/producto\/escapada-en-pareja\/#primaryimage"},"image":{"@id":"https:\/\/canpamplona.com\/producto\/escapada-en-pareja\/#primaryimage"},"thumbnailUrl":"https:\/\/canpamplona.com\/wp-content\/uploads\/2023\/10\/20221123_CanPamplona_249.jpg","datePublished":"2022-11-27T22:41:15+00:00","dateModified":"2025-12-04T08:29:06+00:00","description":"Viu una escapada en parella a Vic amb el nostre pack rom\u00e0ntic: allotjament acollidor, tranquil\u00b7litat i plans especials per gaudir plegats de la ciutat.","breadcrumb":{"@id":"https:\/\/canpamplona.com\/producto\/escapada-en-pareja\/#breadcrumb"},"inLanguage":"ca","potentialAction":[{"@type":"ReadAction","target":["https:\/\/canpamplona.com\/producto\/escapada-en-pareja\/"]}]},{"@type":"ImageObject","inLanguage":"ca","@id":"https:\/\/canpamplona.com\/producto\/escapada-en-pareja\/#primaryimage","url":"https:\/\/canpamplona.com\/wp-content\/uploads\/2023\/10\/20221123_CanPamplona_249.jpg","contentUrl":"https:\/\/canpamplona.com\/wp-content\/uploads\/2023\/10\/20221123_CanPamplona_249.jpg","width":2500,"height":1667},{"@type":"BreadcrumbList","@id":"https:\/\/canpamplona.com\/producto\/escapada-en-pareja\/#breadcrumb","itemListElement":[{"@type":"ListItem","position":1,"name":"Portada","item":"https:\/\/canpamplona.com\/"},{"@type":"ListItem","position":2,"name":"Pack Escapada en Pareja"}]},{"@type":"WebSite","@id":"\/#website","url":"\/","name":"Hotel Can Pamplona | Hotel A Vic | Web Oficial","description":"Hotel Can Pamplona \u00e9s un hotel a Vic B&amp;B. Un hotel urb\u00e0 rehabilitat amb un estil modern i al preu m\u00e9s econ\u00f2mic. Reserva aqu\u00ed.","publisher":{"@id":"\/#organization"},"potentialAction":[{"@type":"SearchAction","target":{"@type":"EntryPoint","urlTemplate":"\/?s={search_term_string}"},"query-input":{"@type":"PropertyValueSpecification","valueRequired":true,"valueName":"search_term_string"}}],"inLanguage":"ca"},{"@type":"Organization","@id":"\/#organization","name":"Hotel Can Pamplona","url":"\/","logo":{"@type":"ImageObject","inLanguage":"ca","@id":"\/#\/schema\/logo\/image\/","url":"https:\/\/canpamplona.com\/wp-content\/uploads\/2025\/03\/LogoCanPamplonatopocolor-02.jpg","contentUrl":"https:\/\/canpamplona.com\/wp-content\/uploads\/2025\/03\/LogoCanPamplonatopocolor-02.jpg","width":2480,"height":2480,"caption":"Hotel Can Pamplona"},"image":{"@id":"\/#\/schema\/logo\/image\/"},"sameAs":["https:\/\/www.facebook.com\/HotelCanPamplona","https:\/\/www.instagram.com\/hotelcanpamplonavic\/"]}]}},"_links":{"self":[{"href":"https:\/\/canpamplona.com\/ca\/wp-json\/wp\/v2\/product\/1899","targetHints":{"allow":["GET"]}}],"collection":[{"href":"https:\/\/canpamplona.com\/ca\/wp-json\/wp\/v2\/product"}],"about":[{"href":"https:\/\/canpamplona.com\/ca\/wp-json\/wp\/v2\/types\/product"}],"replies":[{"embeddable":true,"href":"https:\/\/canpamplona.com\/ca\/wp-json\/wp\/v2\/comments?post=1899"}],"wp:featuredmedia":[{"embeddable":true,"href":"https:\/\/canpamplona.com\/ca\/wp-json\/wp\/v2\/media\/3437"}],"wp:attachment":[{"href":"https:\/\/canpamplona.com\/ca\/wp-json\/wp\/v2\/media?parent=1899"}],"wp:term":[{"taxonomy":"product_brand","embeddable":true,"href":"https:\/\/canpamplona.com\/ca\/wp-json\/wp\/v2\/product_brand?post=1899"},{"taxonomy":"product_cat","embeddable":true,"href":"https:\/\/canpamplona.com\/ca\/wp-json\/wp\/v2\/product_cat?post=1899"},{"taxonomy":"product_tag","embeddable":true,"href":"https:\/\/canpamplona.com\/ca\/wp-json\/wp\/v2\/product_tag?post=1899"}],"curies":[{"name":"wp","href":"https:\/\/api.w.org\/{rel}","templated":true}]}}