{"id":3,"date":"2022-06-04T14:51:19","date_gmt":"2022-06-04T14:51:19","guid":{"rendered":"https:\/\/canpamplona.com?page_id=3"},"modified":"2025-12-03T16:38:30","modified_gmt":"2025-12-03T16:38:30","slug":"aviso-legal","status":"publish","type":"page","link":"https:\/\/canpamplona.com\/en\/aviso-legal\/","title":{"rendered":"Legal Notice"},"content":{"rendered":"<h3 class=\"wp-block-heading\"><strong>Identification<\/strong><\/h3>\n\n\n\n<p>This Legal Notice has been created by&nbsp;<strong>CAN PAMPLONA, SL<\/strong>&nbsp;(the owner) with CIF&nbsp;<strong>B58110438,<\/strong>&nbsp;domiciled in the&nbsp;<strong>Eix Onze September, 10<\/strong>&nbsp;<strong>08550 VIC<\/strong>&nbsp;Tel.&nbsp;<a href=\"https:\/\/web.archive.org\/web\/20230326032550\/tel:%20(+34)%2093%20883%2031%2012\">(+34) 93 883 31 12<\/a>, email&nbsp;<a href=\"https:\/\/web.archive.org\/web\/20230326032550\/mailto:info@canpamplona.com\"><strong>info@canpamplona.com<\/strong><\/a><\/p>\n\n\n\n<h3 class=\"wp-block-heading\"><strong>Intellectual Property<\/strong><\/h3>\n\n\n\n<p>The Proprietor is the exclusive owner of all the contents of the website.<a href=\"https:\/\/web.archive.org\/web\/20230326032550\/https:\/\/canpamplona.com\/\"><u>&nbsp;www.canpamplona.com<\/u>&nbsp;<\/a>The reproduction in whole and\/or in part, public communication and storage of this page and of any other material and\/or element included in it, protected by the Intellectual Property Law, without obtaining the prior consent of the owner, is strictly prohibited, as are the texts, graphics, images, logos, software files, colours, structure, selection, order and presentation of contents, the computer programme for its creation and its operation.<\/p>\n\n\n\n<h3 class=\"wp-block-heading\"><strong>General terms and conditions of use<\/strong><\/h3>\n\n\n\n<p>The user of the website (hereinafter the user) fully and unreservedly accepts the provisions included in this Legal Notice, in the version published by the Owner at the time the user accesses the website.<\/p>\n\n\n\n<p>The website may be visited freely and the user undertakes to use its contents and services in accordance with the Law and this Legal Notice. To this end, the user will refrain from using the website for illicit purposes or effects, prohibited and detrimental to the rights and interests of third parties.<\/p>\n\n\n\n<p>You may not misuse the website service by using it to spam, abuse, harass or otherwise violate the Terms of Use or Privacy Policy.<\/p>\n\n\n\n<p>The Owner is not responsible for the opinions or comments of users, errors or omissions, the contents of the Web or other content, which can be accessed through the same, nor for any damages arising from the use of the Web, nor for any action taken on the basis of the information provided on the Web.<\/p>\n\n\n\n<p>The Holder does not guarantee the absence of viruses or other harmful elements that may cause damage or alterations to the computer system, electronic documents or files of the user of the Website; nor is it responsible for any damages that such elements may cause to the user or third parties.<\/p>\n\n\n\n<p>The content of the website may be modified, extended or deleted at any time, without prior notice.<\/p>\n\n\n\n<p>The Owner reserves the right to update the contents of the website and to remove them, as well as to limit and prevent access to them, either temporarily or permanently, without prior notice.<\/p>\n\n\n\n<h3 class=\"wp-block-heading\"><strong>Security<\/strong><\/h3>\n\n\n\n<p>The personal information provided will be protected by industry standards and technology. As the Internet is not a completely secure environment, the security of any information transmitted to the site cannot be guaranteed.<\/p>\n\n\n\n<p>You are responsible for maintaining the confidentiality of your unique password and account information and for controlling access to your electronic communications at all times.<\/p>\n\n\n\n<h3 class=\"wp-block-heading\"><strong>Protection of personal data<\/strong><\/h3>\n\n\n\n<p>In accordance with the provisions of the European Data Protection Regulation (EU Regulation 2016\/679), we inform you that the personal data provided through this website will be processed by&nbsp;<strong>CAN PAMPLONA, SL<\/strong>, based on your consent and to carry out the requested management, answer your request and send information of interest to you.<\/p>\n\n\n\n<p>Personal data will be kept for the period of time established by current legislation or when deletion is requested. They will not be transferred to third parties except in the cases provided for by law. There is no international transfer of data.<\/p>\n\n\n\n<p>You can exercise the rights of access, rectification, cancellation, limitation, portability and opposition, writing to&nbsp;<strong>CAN PAMPLONA, SL<\/strong>&nbsp;domiciled in the&nbsp;<strong>Eix Onze September, 10<\/strong>&nbsp;<strong>08550 VIC<\/strong>, or by email&nbsp;<a href=\"https:\/\/web.archive.org\/web\/20230326032550\/mailto:info@canpamplona.com\"><strong>info@canpamplona.com<\/strong><\/a><\/p>\n\n\n\n<p>You can also exercise the protection of your rights before the Spanish Agency for Data Protection.<\/p>\n\n\n\n<h3 class=\"wp-block-heading\"><strong>Applicable law and jurisdiction<\/strong><\/h3>\n\n\n\n<p>These General Conditions are governed by Spanish law. For the resolution of any conflicts derived from this Legal Notice, the parties agree to submit, freely and waiving any other jurisdiction or jurisdiction to which they may be entitled, to the courts and tribunals of the city of\u00a0<strong>CAN PAMPLONA, SL<\/strong><\/p>\n\n\n\n<figure class=\"wp-block-image size-full\"><img loading=\"lazy\" decoding=\"async\" width=\"1024\" height=\"81\" src=\"https:\/\/canpamplona.com\/wp-content\/uploads\/2023\/10\/image.png\" alt=\"\" class=\"wp-image-3484\" srcset=\"https:\/\/canpamplona.com\/wp-content\/uploads\/2023\/10\/image.png 1024w, https:\/\/canpamplona.com\/wp-content\/uploads\/2023\/10\/image-300x24.png 300w, https:\/\/canpamplona.com\/wp-content\/uploads\/2023\/10\/image-768x61.png 768w, https:\/\/canpamplona.com\/wp-content\/uploads\/2023\/10\/image-18x1.png 18w, https:\/\/canpamplona.com\/wp-content\/uploads\/2023\/10\/image-600x47.png 600w\" sizes=\"auto, (max-width: 1024px) 100vw, 1024px\" \/><\/figure>","protected":false},"excerpt":{"rendered":"<p>Identificaci\u00f3n Este Aviso Legal ha sido creado por&nbsp;CAN PAMPLONA, S.L.&nbsp;(el titular) con CIF&nbsp;B58110438,&nbsp;con domicilio en el&nbsp;Eix Onze Setembre, 10&nbsp;08550 VIC&nbsp;Tel.&nbsp;(+34) 93 883 31 12, e-mail&nbsp;info@canpamplona.com Propiedad Intelectual El Titular es propietario &nbsp;en exclusiva de todos los contenidos del sitio Web&nbsp;www.canpamplona.com&nbsp;: textos, gr\u00e1ficos, im\u00e1genes, logotipos, archivos de sotfware, colores, estructura, selecci\u00f3n, ordenaci\u00f3n y presentaci\u00f3n de contenidos, [&hellip;]<\/p>\n","protected":false},"author":2,"featured_media":0,"parent":0,"menu_order":0,"comment_status":"closed","ping_status":"closed","template":"","meta":{"site-sidebar-layout":"default","site-content-layout":"","ast-site-content-layout":"default","site-content-style":"default","site-sidebar-style":"default","ast-global-header-display":"","ast-banner-title-visibility":"","ast-main-header-display":"","ast-hfb-above-header-display":"","ast-hfb-below-header-display":"","ast-hfb-mobile-header-display":"","site-post-title":"","ast-breadcrumbs-content":"","ast-featured-img":"","footer-sml-layout":"","theme-transparent-header-meta":"","adv-header-id-meta":"","stick-header-meta":"","header-above-stick-meta":"","header-main-stick-meta":"","header-below-stick-meta":"","astra-migrate-meta-layouts":"set","ast-page-background-enabled":"default","ast-page-background-meta":{"desktop":{"background-color":"","background-image":"","background-repeat":"repeat","background-position":"center center","background-size":"auto","background-attachment":"scroll","background-type":"","background-media":"","overlay-type":"","overlay-color":"","overlay-gradient":""},"tablet":{"background-color":"","background-image":"","background-repeat":"repeat","background-position":"center center","background-size":"auto","background-attachment":"scroll","background-type":"","background-media":"","overlay-type":"","overlay-color":"","overlay-gradient":""},"mobile":{"background-color":"","background-image":"","background-repeat":"repeat","background-position":"center center","background-size":"auto","background-attachment":"scroll","background-type":"","background-media":"","overlay-type":"","overlay-color":"","overlay-gradient":""}},"ast-content-background-meta":{"desktop":{"background-color":"var(--ast-global-color-5)","background-image":"","background-repeat":"repeat","background-position":"center center","background-size":"auto","background-attachment":"scroll","background-type":"","background-media":"","overlay-type":"","overlay-color":"","overlay-gradient":""},"tablet":{"background-color":"var(--ast-global-color-5)","background-image":"","background-repeat":"repeat","background-position":"center center","background-size":"auto","background-attachment":"scroll","background-type":"","background-media":"","overlay-type":"","overlay-color":"","overlay-gradient":""},"mobile":{"background-color":"var(--ast-global-color-5)","background-image":"","background-repeat":"repeat","background-position":"center center","background-size":"auto","background-attachment":"scroll","background-type":"","background-media":"","overlay-type":"","overlay-color":"","overlay-gradient":""}},"footnotes":""},"class_list":["post-3","page","type-page","status-publish","hentry"],"yoast_head":"<!-- This site is optimized with the Yoast SEO plugin v27.1.1 - https:\/\/yoast.com\/product\/yoast-seo-wordpress\/ -->\n<title>Aviso Legal | Hotel en Vic \u2013 Can Pamplona<\/title>\n<meta name=\"description\" content=\"Consulta el Aviso Legal del Hotel Can Pamplona en Vic y conoce la informaci\u00f3n jur\u00eddica, condiciones de uso y titularidad del sitio web.\" \/>\n<meta name=\"robots\" content=\"index, follow, max-snippet:-1, max-image-preview:large, max-video-preview:-1\" \/>\n<link rel=\"canonical\" href=\"https:\/\/canpamplona.com\/en\/aviso-legal\/\" \/>\n<meta property=\"og:locale\" content=\"en_GB\" \/>\n<meta property=\"og:type\" content=\"article\" \/>\n<meta property=\"og:title\" content=\"Aviso Legal | Hotel en Vic \u2013 Can Pamplona\" \/>\n<meta property=\"og:description\" content=\"Consulta el Aviso Legal del Hotel Can Pamplona en Vic y conoce la informaci\u00f3n jur\u00eddica, condiciones de uso y titularidad del sitio web.\" \/>\n<meta property=\"og:url\" content=\"https:\/\/canpamplona.com\/en\/aviso-legal\/\" \/>\n<meta property=\"og:site_name\" content=\"Hotel Can Pamplona | Hotel En Vic | Web Oficial\" \/>\n<meta property=\"article:publisher\" content=\"https:\/\/www.facebook.com\/HotelCanPamplona\" \/>\n<meta property=\"article:modified_time\" content=\"2025-12-03T16:38:30+00:00\" \/>\n<meta property=\"og:image\" content=\"https:\/\/canpamplona.com\/wp-content\/uploads\/2023\/10\/image.png\" \/>\n\t<meta property=\"og:image:width\" content=\"1024\" \/>\n\t<meta property=\"og:image:height\" content=\"81\" \/>\n\t<meta property=\"og:image:type\" content=\"image\/png\" \/>\n<meta name=\"twitter:card\" content=\"summary_large_image\" \/>\n<meta name=\"twitter:label1\" content=\"Estimated reading time\" \/>\n\t<meta name=\"twitter:data1\" content=\"4 minutes\" \/>\n<script type=\"application\/ld+json\" class=\"yoast-schema-graph\">{\"@context\":\"https:\/\/schema.org\",\"@graph\":[{\"@type\":\"WebPage\",\"@id\":\"https:\/\/canpamplona.com\/aviso-legal\/\",\"url\":\"https:\/\/canpamplona.com\/aviso-legal\/\",\"name\":\"Aviso Legal | Hotel en Vic \u2013 Can Pamplona\",\"isPartOf\":{\"@id\":\"\/#website\"},\"primaryImageOfPage\":{\"@id\":\"https:\/\/canpamplona.com\/aviso-legal\/#primaryimage\"},\"image\":{\"@id\":\"https:\/\/canpamplona.com\/aviso-legal\/#primaryimage\"},\"thumbnailUrl\":\"https:\/\/canpamplona.com\/wp-content\/uploads\/2023\/10\/image.png\",\"datePublished\":\"2022-06-04T14:51:19+00:00\",\"dateModified\":\"2025-12-03T16:38:30+00:00\",\"description\":\"Consulta el Aviso Legal del Hotel Can Pamplona en Vic y conoce la informaci\u00f3n jur\u00eddica, condiciones de uso y titularidad del sitio web.\",\"breadcrumb\":{\"@id\":\"https:\/\/canpamplona.com\/aviso-legal\/#breadcrumb\"},\"inLanguage\":\"en-GB\",\"potentialAction\":[{\"@type\":\"ReadAction\",\"target\":[\"https:\/\/canpamplona.com\/aviso-legal\/\"]}]},{\"@type\":\"ImageObject\",\"inLanguage\":\"en-GB\",\"@id\":\"https:\/\/canpamplona.com\/aviso-legal\/#primaryimage\",\"url\":\"https:\/\/canpamplona.com\/wp-content\/uploads\/2023\/10\/image.png\",\"contentUrl\":\"https:\/\/canpamplona.com\/wp-content\/uploads\/2023\/10\/image.png\"},{\"@type\":\"BreadcrumbList\",\"@id\":\"https:\/\/canpamplona.com\/aviso-legal\/#breadcrumb\",\"itemListElement\":[{\"@type\":\"ListItem\",\"position\":1,\"name\":\"Portada\",\"item\":\"https:\/\/canpamplona.com\/\"},{\"@type\":\"ListItem\",\"position\":2,\"name\":\"Aviso Legal\"}]},{\"@type\":\"WebSite\",\"@id\":\"\/#website\",\"url\":\"\/\",\"name\":\"Hotel Can Pamplona | Hotel En Vic | Web Oficial\",\"description\":\"Hotel Can Pamplona es un hotel en Vic B&amp;B. Un hotel urbano rehabilitado con un estilo moderno y al precio m\u00e1s econ\u00f3mico. Reserva aqu\u00ed.\",\"publisher\":{\"@id\":\"\/#organization\"},\"potentialAction\":[{\"@type\":\"SearchAction\",\"target\":{\"@type\":\"EntryPoint\",\"urlTemplate\":\"\/?s={search_term_string}\"},\"query-input\":{\"@type\":\"PropertyValueSpecification\",\"valueRequired\":true,\"valueName\":\"search_term_string\"}}],\"inLanguage\":\"en-GB\"},{\"@type\":\"Organization\",\"@id\":\"\/#organization\",\"name\":\"Hotel Can Pamplona\",\"url\":\"\/\",\"logo\":{\"@type\":\"ImageObject\",\"inLanguage\":\"en-GB\",\"@id\":\"\/#\/schema\/logo\/image\/\",\"url\":\"https:\/\/canpamplona.com\/wp-content\/uploads\/2025\/03\/LogoCanPamplonatopocolor-02.jpg\",\"contentUrl\":\"https:\/\/canpamplona.com\/wp-content\/uploads\/2025\/03\/LogoCanPamplonatopocolor-02.jpg\",\"width\":2480,\"height\":2480,\"caption\":\"Hotel Can Pamplona\"},\"image\":{\"@id\":\"\/#\/schema\/logo\/image\/\"},\"sameAs\":[\"https:\/\/www.facebook.com\/HotelCanPamplona\",\"https:\/\/www.instagram.com\/hotelcanpamplonavic\/\"]}]}<\/script>\n<!-- \/ Yoast SEO plugin. -->","yoast_head_json":{"title":"Legal Notice | Hotel in Vic \u2013 Can Pamplona","description":"Consult the Legal Notice of the Hotel Can Pamplona in Vic and find out the legal information, conditions of use and ownership of the website.","robots":{"index":"index","follow":"follow","max-snippet":"max-snippet:-1","max-image-preview":"max-image-preview:large","max-video-preview":"max-video-preview:-1"},"canonical":"https:\/\/canpamplona.com\/en\/aviso-legal\/","og_locale":"en_GB","og_type":"article","og_title":"Aviso Legal | Hotel en Vic \u2013 Can Pamplona","og_description":"Consulta el Aviso Legal del Hotel Can Pamplona en Vic y conoce la informaci\u00f3n jur\u00eddica, condiciones de uso y titularidad del sitio web.","og_url":"https:\/\/canpamplona.com\/en\/aviso-legal\/","og_site_name":"Hotel Can Pamplona | Hotel En Vic | Web Oficial","article_publisher":"https:\/\/www.facebook.com\/HotelCanPamplona","article_modified_time":"2025-12-03T16:38:30+00:00","og_image":[{"width":1024,"height":81,"url":"https:\/\/canpamplona.com\/wp-content\/uploads\/2023\/10\/image.png","type":"image\/png"}],"twitter_card":"summary_large_image","twitter_misc":{"Estimated reading time":"4 minutes"},"schema":{"@context":"https:\/\/schema.org","@graph":[{"@type":"WebPage","@id":"https:\/\/canpamplona.com\/aviso-legal\/","url":"https:\/\/canpamplona.com\/aviso-legal\/","name":"Legal Notice | Hotel in Vic \u2013 Can Pamplona","isPartOf":{"@id":"\/#website"},"primaryImageOfPage":{"@id":"https:\/\/canpamplona.com\/aviso-legal\/#primaryimage"},"image":{"@id":"https:\/\/canpamplona.com\/aviso-legal\/#primaryimage"},"thumbnailUrl":"https:\/\/canpamplona.com\/wp-content\/uploads\/2023\/10\/image.png","datePublished":"2022-06-04T14:51:19+00:00","dateModified":"2025-12-03T16:38:30+00:00","description":"Consult the Legal Notice of the Hotel Can Pamplona in Vic and find out the legal information, conditions of use and ownership of the website.","breadcrumb":{"@id":"https:\/\/canpamplona.com\/aviso-legal\/#breadcrumb"},"inLanguage":"en-GB","potentialAction":[{"@type":"ReadAction","target":["https:\/\/canpamplona.com\/aviso-legal\/"]}]},{"@type":"ImageObject","inLanguage":"en-GB","@id":"https:\/\/canpamplona.com\/aviso-legal\/#primaryimage","url":"https:\/\/canpamplona.com\/wp-content\/uploads\/2023\/10\/image.png","contentUrl":"https:\/\/canpamplona.com\/wp-content\/uploads\/2023\/10\/image.png"},{"@type":"BreadcrumbList","@id":"https:\/\/canpamplona.com\/aviso-legal\/#breadcrumb","itemListElement":[{"@type":"ListItem","position":1,"name":"Portada","item":"https:\/\/canpamplona.com\/"},{"@type":"ListItem","position":2,"name":"Aviso Legal"}]},{"@type":"WebSite","@id":"\/#website","url":"\/","name":"Hotel Can Pamplona | Hotel In Vic | Official Web","description":"Hotel Can Pamplona is a hotel in Vic B&amp;B. An urban hotel rehabilitated with a modern style and at the most economical price. Reserve here.","publisher":{"@id":"\/#organization"},"potentialAction":[{"@type":"SearchAction","target":{"@type":"EntryPoint","urlTemplate":"\/?s={search_term_string}"},"query-input":{"@type":"PropertyValueSpecification","valueRequired":true,"valueName":"search_term_string"}}],"inLanguage":"en-GB"},{"@type":"Organization","@id":"\/#organization","name":"Hotel Can Pamplona","url":"\/","logo":{"@type":"ImageObject","inLanguage":"en-GB","@id":"\/#\/schema\/logo\/image\/","url":"https:\/\/canpamplona.com\/wp-content\/uploads\/2025\/03\/LogoCanPamplonatopocolor-02.jpg","contentUrl":"https:\/\/canpamplona.com\/wp-content\/uploads\/2025\/03\/LogoCanPamplonatopocolor-02.jpg","width":2480,"height":2480,"caption":"Hotel Can Pamplona"},"image":{"@id":"\/#\/schema\/logo\/image\/"},"sameAs":["https:\/\/www.facebook.com\/HotelCanPamplona","https:\/\/www.instagram.com\/hotelcanpamplonavic\/"]}]}},"_links":{"self":[{"href":"https:\/\/canpamplona.com\/en\/wp-json\/wp\/v2\/pages\/3","targetHints":{"allow":["GET"]}}],"collection":[{"href":"https:\/\/canpamplona.com\/en\/wp-json\/wp\/v2\/pages"}],"about":[{"href":"https:\/\/canpamplona.com\/en\/wp-json\/wp\/v2\/types\/page"}],"author":[{"embeddable":true,"href":"https:\/\/canpamplona.com\/en\/wp-json\/wp\/v2\/users\/2"}],"replies":[{"embeddable":true,"href":"https:\/\/canpamplona.com\/en\/wp-json\/wp\/v2\/comments?post=3"}],"version-history":[{"count":1,"href":"https:\/\/canpamplona.com\/en\/wp-json\/wp\/v2\/pages\/3\/revisions"}],"predecessor-version":[{"id":4087,"href":"https:\/\/canpamplona.com\/en\/wp-json\/wp\/v2\/pages\/3\/revisions\/4087"}],"wp:attachment":[{"href":"https:\/\/canpamplona.com\/en\/wp-json\/wp\/v2\/media?parent=3"}],"curies":[{"name":"wp","href":"https:\/\/api.w.org\/{rel}","templated":true}]}}