{"id":3035,"date":"2023-06-15T10:00:26","date_gmt":"2023-06-15T10:00:26","guid":{"rendered":"https:\/\/canpamplona.com\/?page_id=3035"},"modified":"2025-12-03T16:17:57","modified_gmt":"2025-12-03T16:17:57","slug":"blog","status":"publish","type":"page","link":"https:\/\/canpamplona.com\/en\/blog\/","title":{"rendered":"Blog"},"content":{"rendered":"\t\t<div data-elementor-type=\"wp-page\" data-elementor-id=\"3035\" class=\"elementor elementor-3035\" data-elementor-post-type=\"page\">\n\t\t\t\t\t\t<section class=\"elementor-section elementor-top-section elementor-element elementor-element-9ca53bd elementor-section-boxed elementor-section-height-default elementor-section-height-default\" data-id=\"9ca53bd\" data-element_type=\"section\" data-e-type=\"section\">\n\t\t\t\t\t\t<div class=\"elementor-container elementor-column-gap-default\">\n\t\t\t\t\t<div class=\"elementor-column elementor-col-100 elementor-top-column elementor-element elementor-element-b551add\" data-id=\"b551add\" data-element_type=\"column\" data-e-type=\"column\">\n\t\t\t<div class=\"elementor-widget-wrap elementor-element-populated\">\n\t\t\t\t\t\t<div class=\"elementor-element elementor-element-f972340 elementor-widget elementor-widget-heading\" data-id=\"f972340\" data-element_type=\"widget\" data-e-type=\"widget\" data-widget_type=\"heading.default\">\n\t\t\t\t<div class=\"elementor-widget-container\">\n\t\t\t\t\t<h1 class=\"elementor-heading-title elementor-size-default\">Blog<\/h1>\t\t\t\t<\/div>\n\t\t\t\t<\/div>\n\t\t\t\t<div class=\"elementor-element elementor-element-0bb13e0 elementor-widget elementor-widget-elementskit-blog-posts\" data-id=\"0bb13e0\" data-element_type=\"widget\" data-e-type=\"widget\" data-widget_type=\"elementskit-blog-posts.default\">\n\t\t\t\t<div class=\"elementor-widget-container\">\n\t\t\t\t\t<div class=\"ekit-wid-con\" >        <div id=\"post-items--0bb13e0\" class=\"row post-items\">\n                    <div class=\"col-md-12\">\n\n                                    <div class=\"elementskit-blog-block-post\">\n                        <div class=\"row no-gutters\">\n                                                            <div class=\"col-md-6 order-1\">\n                                    <a href=\"https:\/\/canpamplona.com\/en\/apuntes-gastronomicos-y-la-feria-trufforum-de-vic\/\" class=\"elementskit-entry-thumb\">\n                                        <img decoding=\"async\" src=\"https:\/\/canpamplona.com\/wp-content\/uploads\/2024\/02\/Mercado-de-la-trufa_05-1024x683.jpg\" alt=\"Apuntes gastron\u00f3micos y la feria \u201cTrufforum\u201d de Vic\">\n                                    <\/a><!-- .elementskit-entry-thumb END -->\n                                <\/div>\n                            \n                            <div class=\"col-md-6 order-2\">\n                                <div class=\"elementskit-post-body \">\n                                    <div class=\"elementskit-entry-header\">\n                                        \n                                                                                            \t\t\t\t\t                                            \n                                            \n                                                                                            \t\t\t\t<h2 class=\"entry-title\">\n\t\t\t\t\t<a href=\"https:\/\/canpamplona.com\/en\/apuntes-gastronomicos-y-la-feria-trufforum-de-vic\/\">\n\t\t\t\t\t\tApuntes gastron\u00f3micos y la feria \u201cTrufforum\u201d de Vic\t\t\t\t\t<\/a>\n\t\t\t\t<\/h2>\n\t\t\t                                                                                <\/div><!-- .elementskit-entry-header END -->\n\n                                                                            <div class=\"elementskit-post-footer\">\n                                                                                            <p>Apuntes gastron\u00f3micos y la feria \u201cTrufforum\u201d de Vic Osona, con Vic como capital, pone a nuestro alcance much\u00edsimos restaurantes, m\u00e1s de quinientos, d\u00f3nde poder degustar la cocina aut\u00f3ctona de la zona. En sus cartas podremos ver infinidad de platos en la que se incluyen muchos productos propios de la regi\u00f3n, de gran calidad y sabor [&hellip;]<\/p>\n                                                                                                                                <\/div><!-- .elementskit-post-footer END -->\n                                                                    <\/div><!-- .elementskit-post-body END -->\n                            <\/div>\n                        <\/div>\n                    <\/div><!-- .elementskit-blog-block-post .radius .gradient-bg END -->\n                \n            <\/div>\n                    <div class=\"col-md-12\">\n\n                                    <div class=\"elementskit-blog-block-post\">\n                        <div class=\"row no-gutters\">\n                                                            <div class=\"col-md-6 order-1\">\n                                    <a href=\"https:\/\/canpamplona.com\/en\/mercat-del-ram-vic\/\" class=\"elementskit-entry-thumb\">\n                                        <img decoding=\"async\" src=\"https:\/\/canpamplona.com\/wp-content\/uploads\/2023\/07\/mercat_del_Ram_Vic_foto_Josep_M_Costa_2017-002.jpg\" alt=\"Mercat del Ram de Vic\">\n                                    <\/a><!-- .elementskit-entry-thumb END -->\n                                <\/div>\n                            \n                            <div class=\"col-md-6 order-2\">\n                                <div class=\"elementskit-post-body \">\n                                    <div class=\"elementskit-entry-header\">\n                                        \n                                                                                            \t\t\t\t\t                                            \n                                            \n                                                                                            \t\t\t\t<h2 class=\"entry-title\">\n\t\t\t\t\t<a href=\"https:\/\/canpamplona.com\/en\/mercat-del-ram-vic\/\">\n\t\t\t\t\t\tMercat del Ram de Vic\t\t\t\t\t<\/a>\n\t\t\t\t<\/h2>\n\t\t\t                                                                                <\/div><!-- .elementskit-entry-header END -->\n\n                                                                            <div class=\"elementskit-post-footer\">\n                                                                                            <p>Mercat del Ram de Vic El hist\u00f3rico Mercado de Vic El Mercat del Ram de Vic es uno de los eventos m\u00e1s importantes y esperados de la ciudad catalana de Vic. Se celebra anualmente durante la Semana Santa y es uno de los mercados m\u00e1s antiguos de Espa\u00f1a, con gran renombre y mucha afluencia. Lo [&hellip;]<\/p>\n                                                                                                                                <\/div><!-- .elementskit-post-footer END -->\n                                                                    <\/div><!-- .elementskit-post-body END -->\n                            <\/div>\n                        <\/div>\n                    <\/div><!-- .elementskit-blog-block-post .radius .gradient-bg END -->\n                \n            <\/div>\n                    <div class=\"col-md-12\">\n\n                                    <div class=\"elementskit-blog-block-post\">\n                        <div class=\"row no-gutters\">\n                                                            <div class=\"col-md-6 order-1\">\n                                    <a href=\"https:\/\/canpamplona.com\/en\/que-visitar-en-vic\/\" class=\"elementskit-entry-thumb\">\n                                        <img decoding=\"async\" src=\"https:\/\/canpamplona.com\/wp-content\/uploads\/2023\/07\/ayuntamiento-de-vic.jpg\" alt=\"Qu\u00e9 visitar en Vic\">\n                                    <\/a><!-- .elementskit-entry-thumb END -->\n                                <\/div>\n                            \n                            <div class=\"col-md-6 order-2\">\n                                <div class=\"elementskit-post-body \">\n                                    <div class=\"elementskit-entry-header\">\n                                        \n                                                                                            \t\t\t\t\t                                            \n                                            \n                                                                                            \t\t\t\t<h2 class=\"entry-title\">\n\t\t\t\t\t<a href=\"https:\/\/canpamplona.com\/en\/que-visitar-en-vic\/\">\n\t\t\t\t\t\tQu\u00e9 visitar en Vic\t\t\t\t\t<\/a>\n\t\t\t\t<\/h2>\n\t\t\t                                                                                <\/div><!-- .elementskit-entry-header END -->\n\n                                                                            <div class=\"elementskit-post-footer\">\n                                                                                            <p>Qu\u00e9 visitar en Vic Hay ciertas ciudades que tienen un encanto especial. Ya sea por los edificios, la gente o la cultura, pero por alg\u00fan extra\u00f1o motivo despiertan en tu interior esas ganas de descubrir lo que te rodea. De investigar y perderte por su metr\u00f3polis. Y, sin ninguna duda, Vic es una de esas [&hellip;]<\/p>\n                                                                                                                                <\/div><!-- .elementskit-post-footer END -->\n                                                                    <\/div><!-- .elementskit-post-body END -->\n                            <\/div>\n                        <\/div>\n                    <\/div><!-- .elementskit-blog-block-post .radius .gradient-bg END -->\n                \n            <\/div>\n                    <div class=\"col-md-12\">\n\n                                    <div class=\"elementskit-blog-block-post\">\n                        <div class=\"row no-gutters\">\n                                                            <div class=\"col-md-6 order-1\">\n                                    <a href=\"https:\/\/canpamplona.com\/en\/que-hacer-en-vic\/\" class=\"elementskit-entry-thumb\">\n                                        <img decoding=\"async\" src=\"https:\/\/canpamplona.com\/wp-content\/uploads\/2023\/07\/plaza-mayor-vic.jpg\" alt=\"Qu\u00e9 hacer en Vic\">\n                                    <\/a><!-- .elementskit-entry-thumb END -->\n                                <\/div>\n                            \n                            <div class=\"col-md-6 order-2\">\n                                <div class=\"elementskit-post-body \">\n                                    <div class=\"elementskit-entry-header\">\n                                        \n                                                                                            \t\t\t\t\t                                            \n                                            \n                                                                                            \t\t\t\t<h2 class=\"entry-title\">\n\t\t\t\t\t<a href=\"https:\/\/canpamplona.com\/en\/que-hacer-en-vic\/\">\n\t\t\t\t\t\tQu\u00e9 hacer en Vic\t\t\t\t\t<\/a>\n\t\t\t\t<\/h2>\n\t\t\t                                                                                <\/div><!-- .elementskit-entry-header END -->\n\n                                                                            <div class=\"elementskit-post-footer\">\n                                                                                            <p>Qu\u00e9 hacer en Vic Todos disfrutamos de nuestras vacaciones de diferentes maneras. Unos van por el lado m\u00e1s cultural, visitando museos y templos. Otros prefieren el placer de conectar con otras personas en ferias o eventos. Mientras que algunos solo quieren estar en contacto con la naturaleza, ya sea para desconectar y relajarse con las [&hellip;]<\/p>\n                                                                                                                                <\/div><!-- .elementskit-post-footer END -->\n                                                                    <\/div><!-- .elementskit-post-body END -->\n                            <\/div>\n                        <\/div>\n                    <\/div><!-- .elementskit-blog-block-post .radius .gradient-bg END -->\n                \n            <\/div>\n                <\/div>\n       <\/div>\t\t\t\t<\/div>\n\t\t\t\t<\/div>\n\t\t\t\t\t<\/div>\n\t\t<\/div>\n\t\t\t\t\t<\/div>\n\t\t<\/section>\n\t\t\t\t<\/div>\n\t\t","protected":false},"excerpt":{"rendered":"<p>Blog Apuntes gastron\u00f3micos y la feria \u201cTrufforum\u201d de Vic Apuntes gastron\u00f3micos y la feria \u201cTrufforum\u201d de Vic Osona, con Vic como capital, pone a nuestro alcance much\u00edsimos restaurantes, m\u00e1s de quinientos, d\u00f3nde poder degustar la cocina aut\u00f3ctona de la zona. En sus cartas podremos ver infinidad de platos en la que se incluyen muchos productos [&hellip;]<\/p>\n","protected":false},"author":2,"featured_media":3341,"parent":0,"menu_order":0,"comment_status":"closed","ping_status":"closed","template":"","meta":{"site-sidebar-layout":"no-sidebar","site-content-layout":"page-builder","ast-site-content-layout":"full-width-container","site-content-style":"unboxed","site-sidebar-style":"unboxed","ast-global-header-display":"","ast-banner-title-visibility":"","ast-main-header-display":"","ast-hfb-above-header-display":"","ast-hfb-below-header-display":"","ast-hfb-mobile-header-display":"","site-post-title":"disabled","ast-breadcrumbs-content":"","ast-featured-img":"disabled","footer-sml-layout":"","theme-transparent-header-meta":"","adv-header-id-meta":"","stick-header-meta":"","header-above-stick-meta":"","header-main-stick-meta":"","header-below-stick-meta":"","astra-migrate-meta-layouts":"set","ast-page-background-enabled":"default","ast-page-background-meta":{"desktop":{"background-color":"","background-image":"","background-repeat":"repeat","background-position":"center center","background-size":"auto","background-attachment":"scroll","background-type":"","background-media":"","overlay-type":"","overlay-color":"","overlay-gradient":""},"tablet":{"background-color":"","background-image":"","background-repeat":"repeat","background-position":"center center","background-size":"auto","background-attachment":"scroll","background-type":"","background-media":"","overlay-type":"","overlay-color":"","overlay-gradient":""},"mobile":{"background-color":"","background-image":"","background-repeat":"repeat","background-position":"center center","background-size":"auto","background-attachment":"scroll","background-type":"","background-media":"","overlay-type":"","overlay-color":"","overlay-gradient":""}},"ast-content-background-meta":{"desktop":{"background-color":"var(--ast-global-color-5)","background-image":"","background-repeat":"repeat","background-position":"center center","background-size":"auto","background-attachment":"scroll","background-type":"","background-media":"","overlay-type":"","overlay-color":"","overlay-gradient":""},"tablet":{"background-color":"var(--ast-global-color-5)","background-image":"","background-repeat":"repeat","background-position":"center center","background-size":"auto","background-attachment":"scroll","background-type":"","background-media":"","overlay-type":"","overlay-color":"","overlay-gradient":""},"mobile":{"background-color":"var(--ast-global-color-5)","background-image":"","background-repeat":"repeat","background-position":"center center","background-size":"auto","background-attachment":"scroll","background-type":"","background-media":"","overlay-type":"","overlay-color":"","overlay-gradient":""}},"footnotes":""},"class_list":["post-3035","page","type-page","status-publish","has-post-thumbnail","hentry"],"yoast_head":"<!-- This site is optimized with the Yoast SEO plugin v27.1.1 - https:\/\/yoast.com\/product\/yoast-seo-wordpress\/ -->\n<title>Blog | Qu\u00e9 visitar en vic | Hotel en Vic<\/title>\n<meta name=\"description\" content=\"Descubre qu\u00e9 visitar en Vic: casco antiguo, templos, museos y el mercado semanal, todos cerca del Hotel Can Pamplona para disfrutar la ciudad a tu ritmo.\" \/>\n<meta name=\"robots\" content=\"index, follow, max-snippet:-1, max-image-preview:large, max-video-preview:-1\" \/>\n<link rel=\"canonical\" href=\"https:\/\/canpamplona.com\/en\/blog\/\" \/>\n<meta property=\"og:locale\" content=\"en_GB\" \/>\n<meta property=\"og:type\" content=\"article\" \/>\n<meta property=\"og:title\" content=\"Blog | Qu\u00e9 visitar en vic | Hotel en Vic\" \/>\n<meta property=\"og:description\" content=\"Descubre qu\u00e9 visitar en Vic: casco antiguo, templos, museos y el mercado semanal, todos cerca del Hotel Can Pamplona para disfrutar la ciudad a tu ritmo.\" \/>\n<meta property=\"og:url\" content=\"https:\/\/canpamplona.com\/en\/blog\/\" \/>\n<meta property=\"og:site_name\" content=\"Hotel Can Pamplona | Hotel En Vic | Web Oficial\" \/>\n<meta property=\"article:publisher\" content=\"https:\/\/www.facebook.com\/HotelCanPamplona\" \/>\n<meta property=\"article:modified_time\" content=\"2025-12-03T16:17:57+00:00\" \/>\n<meta property=\"og:image\" content=\"https:\/\/canpamplona.com\/wp-content\/uploads\/2023\/07\/MERCAT-RAM-2022-41.jpg\" \/>\n\t<meta property=\"og:image:width\" content=\"2160\" \/>\n\t<meta property=\"og:image:height\" content=\"1440\" \/>\n\t<meta property=\"og:image:type\" content=\"image\/jpeg\" \/>\n<meta name=\"twitter:card\" content=\"summary_large_image\" \/>\n<meta name=\"twitter:label1\" content=\"Estimated reading time\" \/>\n\t<meta name=\"twitter:data1\" content=\"3 minutes\" \/>\n<script type=\"application\/ld+json\" class=\"yoast-schema-graph\">{\"@context\":\"https:\/\/schema.org\",\"@graph\":[{\"@type\":\"WebPage\",\"@id\":\"https:\/\/canpamplona.com\/blog\/\",\"url\":\"https:\/\/canpamplona.com\/blog\/\",\"name\":\"Blog | Qu\u00e9 visitar en vic | Hotel en Vic\",\"isPartOf\":{\"@id\":\"\/#website\"},\"primaryImageOfPage\":{\"@id\":\"https:\/\/canpamplona.com\/blog\/#primaryimage\"},\"image\":{\"@id\":\"https:\/\/canpamplona.com\/blog\/#primaryimage\"},\"thumbnailUrl\":\"https:\/\/canpamplona.com\/wp-content\/uploads\/2023\/07\/MERCAT-RAM-2022-41.jpg\",\"datePublished\":\"2023-06-15T10:00:26+00:00\",\"dateModified\":\"2025-12-03T16:17:57+00:00\",\"description\":\"Descubre qu\u00e9 visitar en Vic: casco antiguo, templos, museos y el mercado semanal, todos cerca del Hotel Can Pamplona para disfrutar la ciudad a tu ritmo.\",\"breadcrumb\":{\"@id\":\"https:\/\/canpamplona.com\/blog\/#breadcrumb\"},\"inLanguage\":\"en-GB\",\"potentialAction\":[{\"@type\":\"ReadAction\",\"target\":[\"https:\/\/canpamplona.com\/blog\/\"]}]},{\"@type\":\"ImageObject\",\"inLanguage\":\"en-GB\",\"@id\":\"https:\/\/canpamplona.com\/blog\/#primaryimage\",\"url\":\"https:\/\/canpamplona.com\/wp-content\/uploads\/2023\/07\/MERCAT-RAM-2022-41.jpg\",\"contentUrl\":\"https:\/\/canpamplona.com\/wp-content\/uploads\/2023\/07\/MERCAT-RAM-2022-41.jpg\",\"width\":2160,\"height\":1440},{\"@type\":\"BreadcrumbList\",\"@id\":\"https:\/\/canpamplona.com\/blog\/#breadcrumb\",\"itemListElement\":[{\"@type\":\"ListItem\",\"position\":1,\"name\":\"Portada\",\"item\":\"https:\/\/canpamplona.com\/\"},{\"@type\":\"ListItem\",\"position\":2,\"name\":\"Blog\"}]},{\"@type\":\"WebSite\",\"@id\":\"\/#website\",\"url\":\"\/\",\"name\":\"Hotel Can Pamplona | Hotel En Vic | Web Oficial\",\"description\":\"Hotel Can Pamplona es un hotel en Vic B&amp;B. Un hotel urbano rehabilitado con un estilo moderno y al precio m\u00e1s econ\u00f3mico. Reserva aqu\u00ed.\",\"publisher\":{\"@id\":\"\/#organization\"},\"potentialAction\":[{\"@type\":\"SearchAction\",\"target\":{\"@type\":\"EntryPoint\",\"urlTemplate\":\"\/?s={search_term_string}\"},\"query-input\":{\"@type\":\"PropertyValueSpecification\",\"valueRequired\":true,\"valueName\":\"search_term_string\"}}],\"inLanguage\":\"en-GB\"},{\"@type\":\"Organization\",\"@id\":\"\/#organization\",\"name\":\"Hotel Can Pamplona\",\"url\":\"\/\",\"logo\":{\"@type\":\"ImageObject\",\"inLanguage\":\"en-GB\",\"@id\":\"\/#\/schema\/logo\/image\/\",\"url\":\"https:\/\/canpamplona.com\/wp-content\/uploads\/2025\/03\/LogoCanPamplonatopocolor-02.jpg\",\"contentUrl\":\"https:\/\/canpamplona.com\/wp-content\/uploads\/2025\/03\/LogoCanPamplonatopocolor-02.jpg\",\"width\":2480,\"height\":2480,\"caption\":\"Hotel Can Pamplona\"},\"image\":{\"@id\":\"\/#\/schema\/logo\/image\/\"},\"sameAs\":[\"https:\/\/www.facebook.com\/HotelCanPamplona\",\"https:\/\/www.instagram.com\/hotelcanpamplonavic\/\"]}]}<\/script>\n<!-- \/ Yoast SEO plugin. -->","yoast_head_json":{"title":"Blog | What to visit in Vic | Hotel in Vic","description":"Discover what to visit in Vic: the old town, temples, museums and the weekly market, all close to Hotel Can Pamplona so you can enjoy the city at your own pace.","robots":{"index":"index","follow":"follow","max-snippet":"max-snippet:-1","max-image-preview":"max-image-preview:large","max-video-preview":"max-video-preview:-1"},"canonical":"https:\/\/canpamplona.com\/en\/blog\/","og_locale":"en_GB","og_type":"article","og_title":"Blog | Qu\u00e9 visitar en vic | Hotel en Vic","og_description":"Descubre qu\u00e9 visitar en Vic: casco antiguo, templos, museos y el mercado semanal, todos cerca del Hotel Can Pamplona para disfrutar la ciudad a tu ritmo.","og_url":"https:\/\/canpamplona.com\/en\/blog\/","og_site_name":"Hotel Can Pamplona | Hotel En Vic | Web Oficial","article_publisher":"https:\/\/www.facebook.com\/HotelCanPamplona","article_modified_time":"2025-12-03T16:17:57+00:00","og_image":[{"width":2160,"height":1440,"url":"https:\/\/canpamplona.com\/wp-content\/uploads\/2023\/07\/MERCAT-RAM-2022-41.jpg","type":"image\/jpeg"}],"twitter_card":"summary_large_image","twitter_misc":{"Estimated reading time":"3 minutes"},"schema":{"@context":"https:\/\/schema.org","@graph":[{"@type":"WebPage","@id":"https:\/\/canpamplona.com\/blog\/","url":"https:\/\/canpamplona.com\/blog\/","name":"Blog | What to visit in Vic | Hotel in Vic","isPartOf":{"@id":"\/#website"},"primaryImageOfPage":{"@id":"https:\/\/canpamplona.com\/blog\/#primaryimage"},"image":{"@id":"https:\/\/canpamplona.com\/blog\/#primaryimage"},"thumbnailUrl":"https:\/\/canpamplona.com\/wp-content\/uploads\/2023\/07\/MERCAT-RAM-2022-41.jpg","datePublished":"2023-06-15T10:00:26+00:00","dateModified":"2025-12-03T16:17:57+00:00","description":"Discover what to visit in Vic: the old town, temples, museums and the weekly market, all close to Hotel Can Pamplona so you can enjoy the city at your own pace.","breadcrumb":{"@id":"https:\/\/canpamplona.com\/blog\/#breadcrumb"},"inLanguage":"en-GB","potentialAction":[{"@type":"ReadAction","target":["https:\/\/canpamplona.com\/blog\/"]}]},{"@type":"ImageObject","inLanguage":"en-GB","@id":"https:\/\/canpamplona.com\/blog\/#primaryimage","url":"https:\/\/canpamplona.com\/wp-content\/uploads\/2023\/07\/MERCAT-RAM-2022-41.jpg","contentUrl":"https:\/\/canpamplona.com\/wp-content\/uploads\/2023\/07\/MERCAT-RAM-2022-41.jpg","width":2160,"height":1440},{"@type":"BreadcrumbList","@id":"https:\/\/canpamplona.com\/blog\/#breadcrumb","itemListElement":[{"@type":"ListItem","position":1,"name":"Portada","item":"https:\/\/canpamplona.com\/"},{"@type":"ListItem","position":2,"name":"Blog"}]},{"@type":"WebSite","@id":"\/#website","url":"\/","name":"Hotel Can Pamplona | Hotel In Vic | Official Web","description":"Hotel Can Pamplona is a hotel in Vic B&amp;B. An urban hotel rehabilitated with a modern style and at the most economical price. Reserve here.","publisher":{"@id":"\/#organization"},"potentialAction":[{"@type":"SearchAction","target":{"@type":"EntryPoint","urlTemplate":"\/?s={search_term_string}"},"query-input":{"@type":"PropertyValueSpecification","valueRequired":true,"valueName":"search_term_string"}}],"inLanguage":"en-GB"},{"@type":"Organization","@id":"\/#organization","name":"Hotel Can Pamplona","url":"\/","logo":{"@type":"ImageObject","inLanguage":"en-GB","@id":"\/#\/schema\/logo\/image\/","url":"https:\/\/canpamplona.com\/wp-content\/uploads\/2025\/03\/LogoCanPamplonatopocolor-02.jpg","contentUrl":"https:\/\/canpamplona.com\/wp-content\/uploads\/2025\/03\/LogoCanPamplonatopocolor-02.jpg","width":2480,"height":2480,"caption":"Hotel Can Pamplona"},"image":{"@id":"\/#\/schema\/logo\/image\/"},"sameAs":["https:\/\/www.facebook.com\/HotelCanPamplona","https:\/\/www.instagram.com\/hotelcanpamplonavic\/"]}]}},"_links":{"self":[{"href":"https:\/\/canpamplona.com\/en\/wp-json\/wp\/v2\/pages\/3035","targetHints":{"allow":["GET"]}}],"collection":[{"href":"https:\/\/canpamplona.com\/en\/wp-json\/wp\/v2\/pages"}],"about":[{"href":"https:\/\/canpamplona.com\/en\/wp-json\/wp\/v2\/types\/page"}],"author":[{"embeddable":true,"href":"https:\/\/canpamplona.com\/en\/wp-json\/wp\/v2\/users\/2"}],"replies":[{"embeddable":true,"href":"https:\/\/canpamplona.com\/en\/wp-json\/wp\/v2\/comments?post=3035"}],"version-history":[{"count":10,"href":"https:\/\/canpamplona.com\/en\/wp-json\/wp\/v2\/pages\/3035\/revisions"}],"predecessor-version":[{"id":4207,"href":"https:\/\/canpamplona.com\/en\/wp-json\/wp\/v2\/pages\/3035\/revisions\/4207"}],"wp:featuredmedia":[{"embeddable":true,"href":"https:\/\/canpamplona.com\/en\/wp-json\/wp\/v2\/media\/3341"}],"wp:attachment":[{"href":"https:\/\/canpamplona.com\/en\/wp-json\/wp\/v2\/media?parent=3035"}],"curies":[{"name":"wp","href":"https:\/\/api.w.org\/{rel}","templated":true}]}}