{"id":1899,"date":"2022-11-27T22:41:15","date_gmt":"2022-11-27T22:41:15","guid":{"rendered":"https:\/\/canpamplona.com\/?post_type=product&#038;p=1899"},"modified":"2025-12-04T08:29:06","modified_gmt":"2025-12-04T08:29:06","slug":"escapada-en-pareja","status":"publish","type":"product","link":"https:\/\/canpamplona.com\/en\/product\/romantic-night-for-couple\/","title":{"rendered":"Couple Getaway Pack"},"content":{"rendered":"<h2><strong>What is included in our Couples Getaway Pack?<\/strong><\/h2>\n<ul>\n<li>2 nights in the Double Room at the Can Pamplona Hotel<\/li>\n<li>buffet breakfast<\/li>\n<li>Late Check Out (subject to availability)<\/li>\n<\/ul>\n<p><strong>Availability: <\/strong>Pack is available during mid and low season, and\u00a0<span class=\"OYPEnA text-decoration-none text-strikethrough-none\">depending on the season you have chosen<\/span>. <span class=\"OYPEnA text-decoration-none text-strikethrough-none\">This Check has an expiration of 1 year, from the day of purchase.<\/span><\/p>\n<p><strong>How will I receive the Bonus? <\/strong>Once the gift voucher has been purchased, you will receive a Voucher in PDF format by email that you have attached to us.<\/p>\n<p><strong>How can I redeem the Bonus? <\/strong>To redeem the voucher and book, you will have to call the hotel at <a href=\"tel:+34 93 883 31 12\">(+34) 93 883 31 12<\/a> or send an email to <a href=\"mailto:info@canpamplona.com\">info@canpamplona.com<\/a> saying the days you want to make the reservation. You will then receive an email confirming your reservation.<\/p>\n<p><strong><span class=\"OYPEnA text-decoration-none text-strikethrough-none\">** <\/span><span class=\"OYPEnA text-decoration-none text-strikethrough-none\">Seasons<\/span><\/strong><span class=\"OYPEnA text-decoration-none text-strikethrough-none\">: Low Season (December, January and August) | Medium Season (rest of the year, except low and high season) | High Season (Medieval Market and Vic Live Music Market)<\/span><\/p>","protected":false},"excerpt":{"rendered":"<p>Get your Couples Getaway Package at the Hotel Can Pamplona. Ideal for relaxing and enjoying a getaway with your partner.<\/p>\n<p>Choose the season you prefer and you will see the price automatically.<\/p>","protected":false},"featured_media":3437,"comment_status":"closed","ping_status":"closed","template":"","meta":{"site-sidebar-layout":"default","site-content-layout":"default","ast-site-content-layout":"default","site-content-style":"default","site-sidebar-style":"default","ast-global-header-display":"","ast-banner-title-visibility":"","ast-main-header-display":"","ast-hfb-above-header-display":"","ast-hfb-below-header-display":"","ast-hfb-mobile-header-display":"","site-post-title":"","ast-breadcrumbs-content":"","ast-featured-img":"","footer-sml-layout":"","theme-transparent-header-meta":"default","adv-header-id-meta":"","stick-header-meta":"default","header-above-stick-meta":"","header-main-stick-meta":"","header-below-stick-meta":"","astra-migrate-meta-layouts":"set","ast-page-background-enabled":"default","ast-page-background-meta":{"desktop":{"background-color":"","background-image":"","background-repeat":"repeat","background-position":"center center","background-size":"auto","background-attachment":"scroll","background-type":"","background-media":"","overlay-type":"","overlay-color":"","overlay-gradient":""},"tablet":{"background-color":"","background-image":"","background-repeat":"repeat","background-position":"center center","background-size":"auto","background-attachment":"scroll","background-type":"","background-media":"","overlay-type":"","overlay-color":"","overlay-gradient":""},"mobile":{"background-color":"","background-image":"","background-repeat":"repeat","background-position":"center center","background-size":"auto","background-attachment":"scroll","background-type":"","background-media":"","overlay-type":"","overlay-color":"","overlay-gradient":""}},"ast-content-background-meta":{"desktop":{"background-color":"var(--ast-global-color-5)","background-image":"","background-repeat":"repeat","background-position":"center center","background-size":"auto","background-attachment":"scroll","background-type":"","background-media":"","overlay-type":"","overlay-color":"","overlay-gradient":""},"tablet":{"background-color":"var(--ast-global-color-5)","background-image":"","background-repeat":"repeat","background-position":"center center","background-size":"auto","background-attachment":"scroll","background-type":"","background-media":"","overlay-type":"","overlay-color":"","overlay-gradient":""},"mobile":{"background-color":"var(--ast-global-color-5)","background-image":"","background-repeat":"repeat","background-position":"center center","background-size":"auto","background-attachment":"scroll","background-type":"","background-media":"","overlay-type":"","overlay-color":"","overlay-gradient":""}}},"product_brand":[],"product_cat":[20],"product_tag":[],"class_list":{"0":"post-1899","1":"product","2":"type-product","3":"status-publish","4":"has-post-thumbnail","6":"product_cat-sin-categorizar","7":"desktop-align-left","8":"tablet-align-left","9":"mobile-align-left","10":"ast-product-gallery-layout-horizontal-slider","11":"ast-product-single-variable","12":"ast-product-tabs-layout-horizontal","14":"first","15":"instock","16":"shipping-taxable","17":"purchasable","18":"product-type-variable"},"yoast_head":"<!-- This site is optimized with the Yoast SEO plugin v27.1.1 - https:\/\/yoast.com\/product\/yoast-seo-wordpress\/ -->\n<title>Escapada en Pareja | Pack Hotel en Vic | Bono Regalo<\/title>\n<meta name=\"description\" content=\"Vive una escapada en pareja en Vic con nuestro pack rom\u00e1ntico: alojamiento acogedor, tranquilidad y planes especiales para disfrutar juntos de la ciudad.\" \/>\n<meta name=\"robots\" content=\"index, follow, max-snippet:-1, max-image-preview:large, max-video-preview:-1\" \/>\n<link rel=\"canonical\" href=\"https:\/\/canpamplona.com\/en\/product\/romantic-night-for-couple\/\" \/>\n<meta property=\"og:locale\" content=\"en_GB\" \/>\n<meta property=\"og:type\" content=\"article\" \/>\n<meta property=\"og:title\" content=\"Escapada en Pareja | Pack Hotel en Vic | Bono Regalo\" \/>\n<meta property=\"og:description\" content=\"Vive una escapada en pareja en Vic con nuestro pack rom\u00e1ntico: alojamiento acogedor, tranquilidad y planes especiales para disfrutar juntos de la ciudad.\" \/>\n<meta property=\"og:url\" content=\"https:\/\/canpamplona.com\/en\/product\/romantic-night-for-couple\/\" \/>\n<meta property=\"og:site_name\" content=\"Hotel Can Pamplona | Hotel En Vic | Web Oficial\" \/>\n<meta property=\"article:publisher\" content=\"https:\/\/www.facebook.com\/HotelCanPamplona\" \/>\n<meta property=\"article:modified_time\" content=\"2025-12-04T08:29:06+00:00\" \/>\n<meta property=\"og:image\" content=\"https:\/\/canpamplona.com\/wp-content\/uploads\/2023\/10\/20221123_CanPamplona_249-1024x683.jpg\" \/>\n\t<meta property=\"og:image:width\" content=\"1024\" \/>\n\t<meta property=\"og:image:height\" content=\"683\" \/>\n\t<meta property=\"og:image:type\" content=\"image\/jpeg\" \/>\n<meta name=\"twitter:card\" content=\"summary_large_image\" \/>\n<meta name=\"twitter:label1\" content=\"Estimated reading time\" \/>\n\t<meta name=\"twitter:data1\" content=\"1 minute\" \/>\n<script type=\"application\/ld+json\" class=\"yoast-schema-graph\">{\"@context\":\"https:\/\/schema.org\",\"@graph\":[{\"@type\":\"WebPage\",\"@id\":\"https:\/\/canpamplona.com\/producto\/escapada-en-pareja\/\",\"url\":\"https:\/\/canpamplona.com\/producto\/escapada-en-pareja\/\",\"name\":\"Escapada en Pareja | Pack Hotel en Vic | Bono Regalo\",\"isPartOf\":{\"@id\":\"\/#website\"},\"primaryImageOfPage\":{\"@id\":\"https:\/\/canpamplona.com\/producto\/escapada-en-pareja\/#primaryimage\"},\"image\":{\"@id\":\"https:\/\/canpamplona.com\/producto\/escapada-en-pareja\/#primaryimage\"},\"thumbnailUrl\":\"https:\/\/canpamplona.com\/wp-content\/uploads\/2023\/10\/20221123_CanPamplona_249.jpg\",\"datePublished\":\"2022-11-27T22:41:15+00:00\",\"dateModified\":\"2025-12-04T08:29:06+00:00\",\"description\":\"Vive una escapada en pareja en Vic con nuestro pack rom\u00e1ntico: alojamiento acogedor, tranquilidad y planes especiales para disfrutar juntos de la ciudad.\",\"breadcrumb\":{\"@id\":\"https:\/\/canpamplona.com\/producto\/escapada-en-pareja\/#breadcrumb\"},\"inLanguage\":\"en-GB\",\"potentialAction\":[{\"@type\":\"ReadAction\",\"target\":[\"https:\/\/canpamplona.com\/producto\/escapada-en-pareja\/\"]}]},{\"@type\":\"ImageObject\",\"inLanguage\":\"en-GB\",\"@id\":\"https:\/\/canpamplona.com\/producto\/escapada-en-pareja\/#primaryimage\",\"url\":\"https:\/\/canpamplona.com\/wp-content\/uploads\/2023\/10\/20221123_CanPamplona_249.jpg\",\"contentUrl\":\"https:\/\/canpamplona.com\/wp-content\/uploads\/2023\/10\/20221123_CanPamplona_249.jpg\",\"width\":2500,\"height\":1667},{\"@type\":\"BreadcrumbList\",\"@id\":\"https:\/\/canpamplona.com\/producto\/escapada-en-pareja\/#breadcrumb\",\"itemListElement\":[{\"@type\":\"ListItem\",\"position\":1,\"name\":\"Portada\",\"item\":\"https:\/\/canpamplona.com\/\"},{\"@type\":\"ListItem\",\"position\":2,\"name\":\"Pack Escapada en Pareja\"}]},{\"@type\":\"WebSite\",\"@id\":\"\/#website\",\"url\":\"\/\",\"name\":\"Hotel Can Pamplona | Hotel En Vic | Web Oficial\",\"description\":\"Hotel Can Pamplona es un hotel en Vic B&amp;B. Un hotel urbano rehabilitado con un estilo moderno y al precio m\u00e1s econ\u00f3mico. Reserva aqu\u00ed.\",\"publisher\":{\"@id\":\"\/#organization\"},\"potentialAction\":[{\"@type\":\"SearchAction\",\"target\":{\"@type\":\"EntryPoint\",\"urlTemplate\":\"\/?s={search_term_string}\"},\"query-input\":{\"@type\":\"PropertyValueSpecification\",\"valueRequired\":true,\"valueName\":\"search_term_string\"}}],\"inLanguage\":\"en-GB\"},{\"@type\":\"Organization\",\"@id\":\"\/#organization\",\"name\":\"Hotel Can Pamplona\",\"url\":\"\/\",\"logo\":{\"@type\":\"ImageObject\",\"inLanguage\":\"en-GB\",\"@id\":\"\/#\/schema\/logo\/image\/\",\"url\":\"https:\/\/canpamplona.com\/wp-content\/uploads\/2025\/03\/LogoCanPamplonatopocolor-02.jpg\",\"contentUrl\":\"https:\/\/canpamplona.com\/wp-content\/uploads\/2025\/03\/LogoCanPamplonatopocolor-02.jpg\",\"width\":2480,\"height\":2480,\"caption\":\"Hotel Can Pamplona\"},\"image\":{\"@id\":\"\/#\/schema\/logo\/image\/\"},\"sameAs\":[\"https:\/\/www.facebook.com\/HotelCanPamplona\",\"https:\/\/www.instagram.com\/hotelcanpamplonavic\/\"]}]}<\/script>\n<!-- \/ Yoast SEO plugin. -->","yoast_head_json":{"title":"Romantic Getaway | Hotel Package in Vic | Gift Voucher","description":"Enjoy a romantic getaway in Vic with our romantic package: cozy accommodation, tranquility and special plans to enjoy the city together.","robots":{"index":"index","follow":"follow","max-snippet":"max-snippet:-1","max-image-preview":"max-image-preview:large","max-video-preview":"max-video-preview:-1"},"canonical":"https:\/\/canpamplona.com\/en\/product\/romantic-night-for-couple\/","og_locale":"en_GB","og_type":"article","og_title":"Escapada en Pareja | Pack Hotel en Vic | Bono Regalo","og_description":"Vive una escapada en pareja en Vic con nuestro pack rom\u00e1ntico: alojamiento acogedor, tranquilidad y planes especiales para disfrutar juntos de la ciudad.","og_url":"https:\/\/canpamplona.com\/en\/product\/romantic-night-for-couple\/","og_site_name":"Hotel Can Pamplona | Hotel En Vic | Web Oficial","article_publisher":"https:\/\/www.facebook.com\/HotelCanPamplona","article_modified_time":"2025-12-04T08:29:06+00:00","og_image":[{"width":1024,"height":683,"url":"https:\/\/canpamplona.com\/wp-content\/uploads\/2023\/10\/20221123_CanPamplona_249-1024x683.jpg","type":"image\/jpeg"}],"twitter_card":"summary_large_image","twitter_misc":{"Estimated reading time":"1 minute"},"schema":{"@context":"https:\/\/schema.org","@graph":[{"@type":"WebPage","@id":"https:\/\/canpamplona.com\/producto\/escapada-en-pareja\/","url":"https:\/\/canpamplona.com\/producto\/escapada-en-pareja\/","name":"Romantic Getaway | Hotel Package in Vic | Gift Voucher","isPartOf":{"@id":"\/#website"},"primaryImageOfPage":{"@id":"https:\/\/canpamplona.com\/producto\/escapada-en-pareja\/#primaryimage"},"image":{"@id":"https:\/\/canpamplona.com\/producto\/escapada-en-pareja\/#primaryimage"},"thumbnailUrl":"https:\/\/canpamplona.com\/wp-content\/uploads\/2023\/10\/20221123_CanPamplona_249.jpg","datePublished":"2022-11-27T22:41:15+00:00","dateModified":"2025-12-04T08:29:06+00:00","description":"Enjoy a romantic getaway in Vic with our romantic package: cozy accommodation, tranquility and special plans to enjoy the city together.","breadcrumb":{"@id":"https:\/\/canpamplona.com\/producto\/escapada-en-pareja\/#breadcrumb"},"inLanguage":"en-GB","potentialAction":[{"@type":"ReadAction","target":["https:\/\/canpamplona.com\/producto\/escapada-en-pareja\/"]}]},{"@type":"ImageObject","inLanguage":"en-GB","@id":"https:\/\/canpamplona.com\/producto\/escapada-en-pareja\/#primaryimage","url":"https:\/\/canpamplona.com\/wp-content\/uploads\/2023\/10\/20221123_CanPamplona_249.jpg","contentUrl":"https:\/\/canpamplona.com\/wp-content\/uploads\/2023\/10\/20221123_CanPamplona_249.jpg","width":2500,"height":1667},{"@type":"BreadcrumbList","@id":"https:\/\/canpamplona.com\/producto\/escapada-en-pareja\/#breadcrumb","itemListElement":[{"@type":"ListItem","position":1,"name":"Portada","item":"https:\/\/canpamplona.com\/"},{"@type":"ListItem","position":2,"name":"Pack Escapada en Pareja"}]},{"@type":"WebSite","@id":"\/#website","url":"\/","name":"Hotel Can Pamplona | Hotel In Vic | Official Web","description":"Hotel Can Pamplona is a hotel in Vic B&amp;B. An urban hotel rehabilitated with a modern style and at the most economical price. Reserve here.","publisher":{"@id":"\/#organization"},"potentialAction":[{"@type":"SearchAction","target":{"@type":"EntryPoint","urlTemplate":"\/?s={search_term_string}"},"query-input":{"@type":"PropertyValueSpecification","valueRequired":true,"valueName":"search_term_string"}}],"inLanguage":"en-GB"},{"@type":"Organization","@id":"\/#organization","name":"Hotel Can Pamplona","url":"\/","logo":{"@type":"ImageObject","inLanguage":"en-GB","@id":"\/#\/schema\/logo\/image\/","url":"https:\/\/canpamplona.com\/wp-content\/uploads\/2025\/03\/LogoCanPamplonatopocolor-02.jpg","contentUrl":"https:\/\/canpamplona.com\/wp-content\/uploads\/2025\/03\/LogoCanPamplonatopocolor-02.jpg","width":2480,"height":2480,"caption":"Hotel Can Pamplona"},"image":{"@id":"\/#\/schema\/logo\/image\/"},"sameAs":["https:\/\/www.facebook.com\/HotelCanPamplona","https:\/\/www.instagram.com\/hotelcanpamplonavic\/"]}]}},"_links":{"self":[{"href":"https:\/\/canpamplona.com\/en\/wp-json\/wp\/v2\/product\/1899","targetHints":{"allow":["GET"]}}],"collection":[{"href":"https:\/\/canpamplona.com\/en\/wp-json\/wp\/v2\/product"}],"about":[{"href":"https:\/\/canpamplona.com\/en\/wp-json\/wp\/v2\/types\/product"}],"replies":[{"embeddable":true,"href":"https:\/\/canpamplona.com\/en\/wp-json\/wp\/v2\/comments?post=1899"}],"wp:featuredmedia":[{"embeddable":true,"href":"https:\/\/canpamplona.com\/en\/wp-json\/wp\/v2\/media\/3437"}],"wp:attachment":[{"href":"https:\/\/canpamplona.com\/en\/wp-json\/wp\/v2\/media?parent=1899"}],"wp:term":[{"taxonomy":"product_brand","embeddable":true,"href":"https:\/\/canpamplona.com\/en\/wp-json\/wp\/v2\/product_brand?post=1899"},{"taxonomy":"product_cat","embeddable":true,"href":"https:\/\/canpamplona.com\/en\/wp-json\/wp\/v2\/product_cat?post=1899"},{"taxonomy":"product_tag","embeddable":true,"href":"https:\/\/canpamplona.com\/en\/wp-json\/wp\/v2\/product_tag?post=1899"}],"curies":[{"name":"wp","href":"https:\/\/api.w.org\/{rel}","templated":true}]}}