{"id":3,"date":"2022-06-04T14:51:19","date_gmt":"2022-06-04T14:51:19","guid":{"rendered":"https:\/\/canpamplona.com?page_id=3"},"modified":"2025-12-03T16:38:30","modified_gmt":"2025-12-03T16:38:30","slug":"aviso-legal","status":"publish","type":"page","link":"https:\/\/canpamplona.com\/fr\/aviso-legal\/","title":{"rendered":"Avis juridique"},"content":{"rendered":"<h3 class=\"wp-block-heading\"><strong>Identification<\/strong><\/h3>\n\n\n\n<p>Cette notice l\u00e9gale a \u00e9t\u00e9 cr\u00e9\u00e9e par&nbsp;<strong>CAN PAMPELUNE, SL<\/strong>&nbsp;(le propri\u00e9taire) avec CIF&nbsp;<strong>B58110438,<\/strong>&nbsp;domicili\u00e9 dans le&nbsp;<strong>Eix Onze 10 septembre<\/strong>&nbsp;<strong>08550 CIV<\/strong>&nbsp;T\u00e9l.&nbsp;<a href=\"https:\/\/web.archive.org\/web\/20230326032550\/tel:%20(+34)%2093%20883%2031%2012\">(+34) 93 883 31 12<\/a>, e-mail&nbsp;<a href=\"https:\/\/web.archive.org\/web\/20230326032550\/mailto:info@canpamplona.com\"><strong>info@canpamplona.com<\/strong><\/a><\/p>\n\n\n\n<h3 class=\"wp-block-heading\"><strong>Propri\u00e9t\u00e9 intellectuelle<\/strong><\/h3>\n\n\n\n<p>Le Propri\u00e9taire est le propri\u00e9taire exclusif de tous les contenus du site.<a href=\"https:\/\/web.archive.org\/web\/20230326032550\/https:\/\/canpamplona.com\/\"><u>&nbsp;www.canpamplona.com<\/u>&nbsp;<\/a>La reproduction totale et\/ou partielle, la communication publique et le stockage de cette page et de tout autre mat\u00e9riel et\/ou \u00e9l\u00e9ment inclus dans celle-ci, prot\u00e9g\u00e9s par la loi sur la propri\u00e9t\u00e9 intellectuelle, sans avoir obtenu le consentement pr\u00e9alable du propri\u00e9taire, sont strictement interdits, de m\u00eame que les textes, graphiques, images, logos, fichiers logiciels, couleurs, structure, s\u00e9lection, ordre et pr\u00e9sentation des contenus, le programme informatique pour sa cr\u00e9ation et son fonctionnement.<\/p>\n\n\n\n<h3 class=\"wp-block-heading\"><strong>Conditions g\u00e9n\u00e9rales d'utilisation<\/strong><\/h3>\n\n\n\n<p>L'utilisateur du site web (ci-apr\u00e8s l'utilisateur) accepte pleinement et sans r\u00e9serve les dispositions incluses dans le pr\u00e9sent avis juridique, dans la version publi\u00e9e par le Propri\u00e9taire au moment o\u00f9 l'utilisateur acc\u00e8de au site web.<\/p>\n\n\n\n<p>Le site web peut \u00eatre visit\u00e9 librement et l'utilisateur s'engage \u00e0 utiliser ses contenus et services conform\u00e9ment \u00e0 la loi et au pr\u00e9sent avis juridique. \u00c0 cette fin, l'utilisateur s'abstiendra d'utiliser le site web \u00e0 des fins ou des effets illicites, interdits et pr\u00e9judiciables aux droits et aux int\u00e9r\u00eats des tiers.<\/p>\n\n\n\n<p>Vous ne devez pas faire un usage abusif du service du site web en l'utilisant pour envoyer des spams, abuser, harceler ou violer de toute autre mani\u00e8re les conditions d'utilisation ou la politique de confidentialit\u00e9.<\/p>\n\n\n\n<p>Le Propri\u00e9taire n'est pas responsable des opinions ou des commentaires des utilisateurs, des erreurs ou des omissions, du contenu du site Web ou d'autres contenus auxquels il est possible d'acc\u00e9der par ce biais, ni des dommages d\u00e9coulant de l'utilisation du site Web, ni de toute action entreprise sur la base des informations fournies sur le site Web.<\/p>\n\n\n\n<p>Le Titulaire ne garantit pas l'absence de virus ou d'autres \u00e9l\u00e9ments nuisibles pouvant causer des dommages ou des alt\u00e9rations au syst\u00e8me informatique, aux documents \u00e9lectroniques ou aux fichiers de l'utilisateur du site Web ; il n'est pas non plus responsable des dommages que ces \u00e9l\u00e9ments peuvent causer \u00e0 l'utilisateur ou \u00e0 des tiers.<\/p>\n\n\n\n<p>Le contenu du site web peut \u00eatre modifi\u00e9, \u00e9tendu ou supprim\u00e9 \u00e0 tout moment, sans pr\u00e9avis.<\/p>\n\n\n\n<p>Le propri\u00e9taire se r\u00e9serve le droit de mettre \u00e0 jour le contenu du site web et de le supprimer, ainsi que d'en limiter et d'en emp\u00eacher l'acc\u00e8s, de mani\u00e8re temporaire ou permanente, sans avis pr\u00e9alable.<\/p>\n\n\n\n<h3 class=\"wp-block-heading\"><strong>S\u00e9curit\u00e9<\/strong><\/h3>\n\n\n\n<p>Les informations personnelles fournies seront prot\u00e9g\u00e9es par les normes et la technologie du secteur. L'Internet n'\u00e9tant pas un environnement totalement s\u00e9curis\u00e9, la s\u00e9curit\u00e9 de toute information transmise au site ne peut \u00eatre garantie.<\/p>\n\n\n\n<p>Vous \u00eates responsable du maintien de la confidentialit\u00e9 de votre mot de passe unique et des informations relatives \u00e0 votre compte et du contr\u00f4le de l'acc\u00e8s \u00e0 vos communications \u00e9lectroniques \u00e0 tout moment.<\/p>\n\n\n\n<h3 class=\"wp-block-heading\"><strong>Protection des donn\u00e9es \u00e0 caract\u00e8re personnel<\/strong><\/h3>\n\n\n\n<p>Conform\u00e9ment aux dispositions du r\u00e8glement europ\u00e9en sur la protection des donn\u00e9es (r\u00e8glement UE 2016\/679), nous vous informons que les donn\u00e9es personnelles fournies via ce site Web seront trait\u00e9es par&nbsp;<strong>CAN PAMPELUNE, SL<\/strong>, sur la base de votre consentement et pour effectuer la gestion demand\u00e9e, r\u00e9pondre \u00e0 votre demande et vous envoyer les informations qui vous int\u00e9ressent.<\/p>\n\n\n\n<p>Les donn\u00e9es personnelles seront conserv\u00e9es pendant la p\u00e9riode \u00e9tablie par la l\u00e9gislation en vigueur ou lorsque leur suppression est demand\u00e9e. Elles ne seront pas transf\u00e9r\u00e9es \u00e0 des tiers, sauf dans les cas pr\u00e9vus par la loi. Il n'y a pas de transfert international de donn\u00e9es.<\/p>\n\n\n\n<p>Vous pouvez exercer les droits d&#039;acc\u00e8s, de rectification, d&#039;annulation, de limitation, de portabilit\u00e9 et d&#039;opposition en \u00e9crivant \u00e0&nbsp;<strong>CAN PAMPELUNE, SL<\/strong>&nbsp;domicili\u00e9 dans le&nbsp;<strong>Eix Onze 10 septembre<\/strong>&nbsp;<strong>08550 CIV<\/strong>, ou par mail&nbsp;<a href=\"https:\/\/web.archive.org\/web\/20230326032550\/mailto:info@canpamplona.com\"><strong>info@canpamplona.com<\/strong><\/a><\/p>\n\n\n\n<p>Vous pouvez \u00e9galement exercer la protection de vos droits aupr\u00e8s de l&#039;Agence espagnole de protection des donn\u00e9es.<\/p>\n\n\n\n<h3 class=\"wp-block-heading\"><strong>Droit applicable et juridiction<\/strong><\/h3>\n\n\n\n<p>Les pr\u00e9sentes Conditions G\u00e9n\u00e9rales sont r\u00e9gies par la loi espagnole. Pour la r\u00e9solution de tout conflit d\u00e9coulant des pr\u00e9sentes mentions l\u00e9gales, les parties conviennent de se soumettre, librement et en renon\u00e7ant \u00e0 toute autre juridiction ou juridiction \u00e0 laquelle elles pourraient avoir droit, aux cours et tribunaux de la ville de\u00a0<strong>CAN PAMPELUNE, SL<\/strong><\/p>\n\n\n\n<figure class=\"wp-block-image size-full\"><img loading=\"lazy\" decoding=\"async\" width=\"1024\" height=\"81\" src=\"https:\/\/canpamplona.com\/wp-content\/uploads\/2023\/10\/image.png\" alt=\"\" class=\"wp-image-3484\" srcset=\"https:\/\/canpamplona.com\/wp-content\/uploads\/2023\/10\/image.png 1024w, https:\/\/canpamplona.com\/wp-content\/uploads\/2023\/10\/image-300x24.png 300w, https:\/\/canpamplona.com\/wp-content\/uploads\/2023\/10\/image-768x61.png 768w, https:\/\/canpamplona.com\/wp-content\/uploads\/2023\/10\/image-18x1.png 18w, https:\/\/canpamplona.com\/wp-content\/uploads\/2023\/10\/image-600x47.png 600w\" sizes=\"auto, (max-width: 1024px) 100vw, 1024px\" \/><\/figure>","protected":false},"excerpt":{"rendered":"<p>Identificaci\u00f3n Este Aviso Legal ha sido creado por&nbsp;CAN PAMPLONA, S.L.&nbsp;(el titular) con CIF&nbsp;B58110438,&nbsp;con domicilio en el&nbsp;Eix Onze Setembre, 10&nbsp;08550 VIC&nbsp;Tel.&nbsp;(+34) 93 883 31 12, e-mail&nbsp;info@canpamplona.com Propiedad Intelectual El Titular es propietario &nbsp;en exclusiva de todos los contenidos del sitio Web&nbsp;www.canpamplona.com&nbsp;: textos, gr\u00e1ficos, im\u00e1genes, logotipos, archivos de sotfware, colores, estructura, selecci\u00f3n, ordenaci\u00f3n y presentaci\u00f3n de contenidos, [&hellip;]<\/p>\n","protected":false},"author":2,"featured_media":0,"parent":0,"menu_order":0,"comment_status":"closed","ping_status":"closed","template":"","meta":{"site-sidebar-layout":"default","site-content-layout":"","ast-site-content-layout":"default","site-content-style":"default","site-sidebar-style":"default","ast-global-header-display":"","ast-banner-title-visibility":"","ast-main-header-display":"","ast-hfb-above-header-display":"","ast-hfb-below-header-display":"","ast-hfb-mobile-header-display":"","site-post-title":"","ast-breadcrumbs-content":"","ast-featured-img":"","footer-sml-layout":"","theme-transparent-header-meta":"","adv-header-id-meta":"","stick-header-meta":"","header-above-stick-meta":"","header-main-stick-meta":"","header-below-stick-meta":"","astra-migrate-meta-layouts":"set","ast-page-background-enabled":"default","ast-page-background-meta":{"desktop":{"background-color":"","background-image":"","background-repeat":"repeat","background-position":"center center","background-size":"auto","background-attachment":"scroll","background-type":"","background-media":"","overlay-type":"","overlay-color":"","overlay-gradient":""},"tablet":{"background-color":"","background-image":"","background-repeat":"repeat","background-position":"center center","background-size":"auto","background-attachment":"scroll","background-type":"","background-media":"","overlay-type":"","overlay-color":"","overlay-gradient":""},"mobile":{"background-color":"","background-image":"","background-repeat":"repeat","background-position":"center center","background-size":"auto","background-attachment":"scroll","background-type":"","background-media":"","overlay-type":"","overlay-color":"","overlay-gradient":""}},"ast-content-background-meta":{"desktop":{"background-color":"var(--ast-global-color-5)","background-image":"","background-repeat":"repeat","background-position":"center center","background-size":"auto","background-attachment":"scroll","background-type":"","background-media":"","overlay-type":"","overlay-color":"","overlay-gradient":""},"tablet":{"background-color":"var(--ast-global-color-5)","background-image":"","background-repeat":"repeat","background-position":"center center","background-size":"auto","background-attachment":"scroll","background-type":"","background-media":"","overlay-type":"","overlay-color":"","overlay-gradient":""},"mobile":{"background-color":"var(--ast-global-color-5)","background-image":"","background-repeat":"repeat","background-position":"center center","background-size":"auto","background-attachment":"scroll","background-type":"","background-media":"","overlay-type":"","overlay-color":"","overlay-gradient":""}},"footnotes":""},"class_list":["post-3","page","type-page","status-publish","hentry"],"yoast_head":"<!-- This site is optimized with the Yoast SEO plugin v27.1.1 - https:\/\/yoast.com\/product\/yoast-seo-wordpress\/ -->\n<title>Aviso Legal | Hotel en Vic \u2013 Can Pamplona<\/title>\n<meta name=\"description\" content=\"Consulta el Aviso Legal del Hotel Can Pamplona en Vic y conoce la informaci\u00f3n jur\u00eddica, condiciones de uso y titularidad del sitio web.\" \/>\n<meta name=\"robots\" content=\"index, follow, max-snippet:-1, max-image-preview:large, max-video-preview:-1\" \/>\n<link rel=\"canonical\" href=\"https:\/\/canpamplona.com\/fr\/aviso-legal\/\" \/>\n<meta property=\"og:locale\" content=\"fr_FR\" \/>\n<meta property=\"og:type\" content=\"article\" \/>\n<meta property=\"og:title\" content=\"Aviso Legal | Hotel en Vic \u2013 Can Pamplona\" \/>\n<meta property=\"og:description\" content=\"Consulta el Aviso Legal del Hotel Can Pamplona en Vic y conoce la informaci\u00f3n jur\u00eddica, condiciones de uso y titularidad del sitio web.\" \/>\n<meta property=\"og:url\" content=\"https:\/\/canpamplona.com\/fr\/aviso-legal\/\" \/>\n<meta property=\"og:site_name\" content=\"Hotel Can Pamplona | Hotel En Vic | Web Oficial\" \/>\n<meta property=\"article:publisher\" content=\"https:\/\/www.facebook.com\/HotelCanPamplona\" \/>\n<meta property=\"article:modified_time\" content=\"2025-12-03T16:38:30+00:00\" \/>\n<meta property=\"og:image\" content=\"https:\/\/canpamplona.com\/wp-content\/uploads\/2023\/10\/image.png\" \/>\n\t<meta property=\"og:image:width\" content=\"1024\" \/>\n\t<meta property=\"og:image:height\" content=\"81\" \/>\n\t<meta property=\"og:image:type\" content=\"image\/png\" \/>\n<meta name=\"twitter:card\" content=\"summary_large_image\" \/>\n<meta name=\"twitter:label1\" content=\"Dur\u00e9e de lecture estim\u00e9e\" \/>\n\t<meta name=\"twitter:data1\" content=\"4 minutes\" \/>\n<script type=\"application\/ld+json\" class=\"yoast-schema-graph\">{\"@context\":\"https:\/\/schema.org\",\"@graph\":[{\"@type\":\"WebPage\",\"@id\":\"https:\/\/canpamplona.com\/aviso-legal\/\",\"url\":\"https:\/\/canpamplona.com\/aviso-legal\/\",\"name\":\"Aviso Legal | Hotel en Vic \u2013 Can Pamplona\",\"isPartOf\":{\"@id\":\"\/#website\"},\"primaryImageOfPage\":{\"@id\":\"https:\/\/canpamplona.com\/aviso-legal\/#primaryimage\"},\"image\":{\"@id\":\"https:\/\/canpamplona.com\/aviso-legal\/#primaryimage\"},\"thumbnailUrl\":\"https:\/\/canpamplona.com\/wp-content\/uploads\/2023\/10\/image.png\",\"datePublished\":\"2022-06-04T14:51:19+00:00\",\"dateModified\":\"2025-12-03T16:38:30+00:00\",\"description\":\"Consulta el Aviso Legal del Hotel Can Pamplona en Vic y conoce la informaci\u00f3n jur\u00eddica, condiciones de uso y titularidad del sitio web.\",\"breadcrumb\":{\"@id\":\"https:\/\/canpamplona.com\/aviso-legal\/#breadcrumb\"},\"inLanguage\":\"fr-FR\",\"potentialAction\":[{\"@type\":\"ReadAction\",\"target\":[\"https:\/\/canpamplona.com\/aviso-legal\/\"]}]},{\"@type\":\"ImageObject\",\"inLanguage\":\"fr-FR\",\"@id\":\"https:\/\/canpamplona.com\/aviso-legal\/#primaryimage\",\"url\":\"https:\/\/canpamplona.com\/wp-content\/uploads\/2023\/10\/image.png\",\"contentUrl\":\"https:\/\/canpamplona.com\/wp-content\/uploads\/2023\/10\/image.png\"},{\"@type\":\"BreadcrumbList\",\"@id\":\"https:\/\/canpamplona.com\/aviso-legal\/#breadcrumb\",\"itemListElement\":[{\"@type\":\"ListItem\",\"position\":1,\"name\":\"Portada\",\"item\":\"https:\/\/canpamplona.com\/\"},{\"@type\":\"ListItem\",\"position\":2,\"name\":\"Aviso Legal\"}]},{\"@type\":\"WebSite\",\"@id\":\"\/#website\",\"url\":\"\/\",\"name\":\"Hotel Can Pamplona | Hotel En Vic | Web Oficial\",\"description\":\"Hotel Can Pamplona es un hotel en Vic B&amp;B. Un hotel urbano rehabilitado con un estilo moderno y al precio m\u00e1s econ\u00f3mico. Reserva aqu\u00ed.\",\"publisher\":{\"@id\":\"\/#organization\"},\"potentialAction\":[{\"@type\":\"SearchAction\",\"target\":{\"@type\":\"EntryPoint\",\"urlTemplate\":\"\/?s={search_term_string}\"},\"query-input\":{\"@type\":\"PropertyValueSpecification\",\"valueRequired\":true,\"valueName\":\"search_term_string\"}}],\"inLanguage\":\"fr-FR\"},{\"@type\":\"Organization\",\"@id\":\"\/#organization\",\"name\":\"Hotel Can Pamplona\",\"url\":\"\/\",\"logo\":{\"@type\":\"ImageObject\",\"inLanguage\":\"fr-FR\",\"@id\":\"\/#\/schema\/logo\/image\/\",\"url\":\"https:\/\/canpamplona.com\/wp-content\/uploads\/2025\/03\/LogoCanPamplonatopocolor-02.jpg\",\"contentUrl\":\"https:\/\/canpamplona.com\/wp-content\/uploads\/2025\/03\/LogoCanPamplonatopocolor-02.jpg\",\"width\":2480,\"height\":2480,\"caption\":\"Hotel Can Pamplona\"},\"image\":{\"@id\":\"\/#\/schema\/logo\/image\/\"},\"sameAs\":[\"https:\/\/www.facebook.com\/HotelCanPamplona\",\"https:\/\/www.instagram.com\/hotelcanpamplonavic\/\"]}]}<\/script>\n<!-- \/ Yoast SEO plugin. -->","yoast_head_json":{"title":"Mentions l\u00e9gales | H\u00f4tel \u00e0 Vic \u2013 Can Pamplona","description":"Consultez les mentions l\u00e9gales de l&#039;h\u00f4tel Can Pamplona \u00e0 Vic pour conna\u00eetre les informations juridiques, les conditions d&#039;utilisation et la propri\u00e9t\u00e9 du site web.","robots":{"index":"index","follow":"follow","max-snippet":"max-snippet:-1","max-image-preview":"max-image-preview:large","max-video-preview":"max-video-preview:-1"},"canonical":"https:\/\/canpamplona.com\/fr\/aviso-legal\/","og_locale":"fr_FR","og_type":"article","og_title":"Aviso Legal | Hotel en Vic \u2013 Can Pamplona","og_description":"Consulta el Aviso Legal del Hotel Can Pamplona en Vic y conoce la informaci\u00f3n jur\u00eddica, condiciones de uso y titularidad del sitio web.","og_url":"https:\/\/canpamplona.com\/fr\/aviso-legal\/","og_site_name":"Hotel Can Pamplona | Hotel En Vic | Web Oficial","article_publisher":"https:\/\/www.facebook.com\/HotelCanPamplona","article_modified_time":"2025-12-03T16:38:30+00:00","og_image":[{"width":1024,"height":81,"url":"https:\/\/canpamplona.com\/wp-content\/uploads\/2023\/10\/image.png","type":"image\/png"}],"twitter_card":"summary_large_image","twitter_misc":{"Dur\u00e9e de lecture estim\u00e9e":"4 minutes"},"schema":{"@context":"https:\/\/schema.org","@graph":[{"@type":"WebPage","@id":"https:\/\/canpamplona.com\/aviso-legal\/","url":"https:\/\/canpamplona.com\/aviso-legal\/","name":"Mentions l\u00e9gales | H\u00f4tel \u00e0 Vic \u2013 Can Pamplona","isPartOf":{"@id":"\/#website"},"primaryImageOfPage":{"@id":"https:\/\/canpamplona.com\/aviso-legal\/#primaryimage"},"image":{"@id":"https:\/\/canpamplona.com\/aviso-legal\/#primaryimage"},"thumbnailUrl":"https:\/\/canpamplona.com\/wp-content\/uploads\/2023\/10\/image.png","datePublished":"2022-06-04T14:51:19+00:00","dateModified":"2025-12-03T16:38:30+00:00","description":"Consultez les mentions l\u00e9gales de l&#039;h\u00f4tel Can Pamplona \u00e0 Vic pour conna\u00eetre les informations juridiques, les conditions d&#039;utilisation et la propri\u00e9t\u00e9 du site web.","breadcrumb":{"@id":"https:\/\/canpamplona.com\/aviso-legal\/#breadcrumb"},"inLanguage":"fr-FR","potentialAction":[{"@type":"ReadAction","target":["https:\/\/canpamplona.com\/aviso-legal\/"]}]},{"@type":"ImageObject","inLanguage":"fr-FR","@id":"https:\/\/canpamplona.com\/aviso-legal\/#primaryimage","url":"https:\/\/canpamplona.com\/wp-content\/uploads\/2023\/10\/image.png","contentUrl":"https:\/\/canpamplona.com\/wp-content\/uploads\/2023\/10\/image.png"},{"@type":"BreadcrumbList","@id":"https:\/\/canpamplona.com\/aviso-legal\/#breadcrumb","itemListElement":[{"@type":"ListItem","position":1,"name":"Portada","item":"https:\/\/canpamplona.com\/"},{"@type":"ListItem","position":2,"name":"Aviso Legal"}]},{"@type":"WebSite","@id":"\/#website","url":"\/","name":"H\u00f4tel Can Pampelune | H\u00f4tel \u00e0 Vic | Site officiel","description":"Hotel Can Pamplona est un h\u00f4tel de Vic B&amp;B. Un h\u00f4tel urbain r\u00e9habilit\u00e9 avec un style moderne et au prix le plus \u00e9conomique. R\u00e9servez ici.","publisher":{"@id":"\/#organization"},"potentialAction":[{"@type":"SearchAction","target":{"@type":"EntryPoint","urlTemplate":"\/?s={search_term_string}"},"query-input":{"@type":"PropertyValueSpecification","valueRequired":true,"valueName":"search_term_string"}}],"inLanguage":"fr-FR"},{"@type":"Organization","@id":"\/#organization","name":"H\u00f4tel Can Pampelune","url":"\/","logo":{"@type":"ImageObject","inLanguage":"fr-FR","@id":"\/#\/schema\/logo\/image\/","url":"https:\/\/canpamplona.com\/wp-content\/uploads\/2025\/03\/LogoCanPamplonatopocolor-02.jpg","contentUrl":"https:\/\/canpamplona.com\/wp-content\/uploads\/2025\/03\/LogoCanPamplonatopocolor-02.jpg","width":2480,"height":2480,"caption":"Hotel Can Pamplona"},"image":{"@id":"\/#\/schema\/logo\/image\/"},"sameAs":["https:\/\/www.facebook.com\/HotelCanPamplona","https:\/\/www.instagram.com\/hotelcanpamplonavic\/"]}]}},"_links":{"self":[{"href":"https:\/\/canpamplona.com\/fr\/wp-json\/wp\/v2\/pages\/3","targetHints":{"allow":["GET"]}}],"collection":[{"href":"https:\/\/canpamplona.com\/fr\/wp-json\/wp\/v2\/pages"}],"about":[{"href":"https:\/\/canpamplona.com\/fr\/wp-json\/wp\/v2\/types\/page"}],"author":[{"embeddable":true,"href":"https:\/\/canpamplona.com\/fr\/wp-json\/wp\/v2\/users\/2"}],"replies":[{"embeddable":true,"href":"https:\/\/canpamplona.com\/fr\/wp-json\/wp\/v2\/comments?post=3"}],"version-history":[{"count":1,"href":"https:\/\/canpamplona.com\/fr\/wp-json\/wp\/v2\/pages\/3\/revisions"}],"predecessor-version":[{"id":4087,"href":"https:\/\/canpamplona.com\/fr\/wp-json\/wp\/v2\/pages\/3\/revisions\/4087"}],"wp:attachment":[{"href":"https:\/\/canpamplona.com\/fr\/wp-json\/wp\/v2\/media?parent=3"}],"curies":[{"name":"wp","href":"https:\/\/api.w.org\/{rel}","templated":true}]}}