{"id":3395,"date":"2023-08-22T07:31:36","date_gmt":"2023-08-22T07:31:36","guid":{"rendered":"https:\/\/canpamplona.com\/?page_id=3395"},"modified":"2025-11-26T15:42:15","modified_gmt":"2025-11-26T15:42:15","slug":"booking-details","status":"publish","type":"page","link":"https:\/\/canpamplona.com\/fr\/booking-details\/","title":{"rendered":"Les d\u00e9tails de r\u00e9servation"},"content":{"rendered":"<html>\n<head>\n    <!-- Este script debe estar presente en todo el sitio web -->\n    <script src=\"https:\/\/assets-gnahs.s3.eu-west-3.amazonaws.com\/scripts\/rho-initialization\/gnahs-metasearch-cookies-v2.js\" onload=\"(new GNAHSMetasearchCookies())\"><\/script>\n<\/head>\n<body>\n    <div id=\"rho-my-booking\"><\/div>\n    <script src=\"https:\/\/assets-gnahs.s3.eu-west-3.amazonaws.com\/scripts\/gna-iframe-injection.js\"><\/script>\n    <script async defer src=\"https:\/\/assets-gnahs.s3.eu-west-3.amazonaws.com\/scripts\/show-booking-mail\/showBookingMail.js\" onload=\"showBookingMail()\"><\/script>\n    <script async defer src=\"https:\/\/assets-gnahs.s3.eu-west-3.amazonaws.com\/scripts\/rho-initialization\/gnahs-booking-details-v1.js\" onload=\"sendBookingDetails()\"><\/script>\n    <script>\n        const urlParams = new URLSearchParams(window.location.search);\n        const uuid = urlParams.get('uuid');\n\n        function showBookingMail () {\n            var selector = '#rho-my-booking'\n            new window.ShowBookingMail(selector, {\n                uuid: uuid, \/\/ UUID de la URL\n                secretKey:'jP47GE2PRzys6tew59FHT3b4',\n                api:'rhoapi13'\n            })\n        }\n\n        async function sendBookingDetails() {\n            const bookingDetails = new GNAHSBookingDetails({\n                secretKey: 'jP47GE2PRzys6tew59FHT3b4',\n                rhoApi: 'rhoapi13'\n            });\n            const booking = await bookingDetails.getBooking(uuid);\n            \/\/ Avoid sending unconfirmed, not paid or old bookings\n            if (!booking || !booking.needsCheck()) {\n                return;\n            }\n            bookingDetails.sendRhoCookies(booking);\n        }\n    <\/script>\n<\/body>\n<\/html>","protected":false},"excerpt":{"rendered":"","protected":false},"author":2,"featured_media":0,"parent":0,"menu_order":0,"comment_status":"closed","ping_status":"closed","template":"","meta":{"site-sidebar-layout":"default","site-content-layout":"","ast-site-content-layout":"default","site-content-style":"default","site-sidebar-style":"default","ast-global-header-display":"","ast-banner-title-visibility":"","ast-main-header-display":"","ast-hfb-above-header-display":"","ast-hfb-below-header-display":"","ast-hfb-mobile-header-display":"","site-post-title":"","ast-breadcrumbs-content":"","ast-featured-img":"","footer-sml-layout":"","theme-transparent-header-meta":"","adv-header-id-meta":"","stick-header-meta":"","header-above-stick-meta":"","header-main-stick-meta":"","header-below-stick-meta":"","astra-migrate-meta-layouts":"set","ast-page-background-enabled":"default","ast-page-background-meta":{"desktop":{"background-color":"","background-image":"","background-repeat":"repeat","background-position":"center center","background-size":"auto","background-attachment":"scroll","background-type":"","background-media":"","overlay-type":"","overlay-color":"","overlay-gradient":""},"tablet":{"background-color":"","background-image":"","background-repeat":"repeat","background-position":"center center","background-size":"auto","background-attachment":"scroll","background-type":"","background-media":"","overlay-type":"","overlay-color":"","overlay-gradient":""},"mobile":{"background-color":"","background-image":"","background-repeat":"repeat","background-position":"center center","background-size":"auto","background-attachment":"scroll","background-type":"","background-media":"","overlay-type":"","overlay-color":"","overlay-gradient":""}},"ast-content-background-meta":{"desktop":{"background-color":"var(--ast-global-color-5)","background-image":"","background-repeat":"repeat","background-position":"center center","background-size":"auto","background-attachment":"scroll","background-type":"","background-media":"","overlay-type":"","overlay-color":"","overlay-gradient":""},"tablet":{"background-color":"var(--ast-global-color-5)","background-image":"","background-repeat":"repeat","background-position":"center center","background-size":"auto","background-attachment":"scroll","background-type":"","background-media":"","overlay-type":"","overlay-color":"","overlay-gradient":""},"mobile":{"background-color":"var(--ast-global-color-5)","background-image":"","background-repeat":"repeat","background-position":"center center","background-size":"auto","background-attachment":"scroll","background-type":"","background-media":"","overlay-type":"","overlay-color":"","overlay-gradient":""}},"footnotes":""},"class_list":["post-3395","page","type-page","status-publish","hentry"],"yoast_head":"<!-- This site is optimized with the Yoast SEO plugin v27.1.1 - https:\/\/yoast.com\/product\/yoast-seo-wordpress\/ -->\n<title>Booking Details<\/title>\n<meta name=\"description\" content=\"Booking detalles\" \/>\n<meta name=\"robots\" content=\"index, follow, max-snippet:-1, max-image-preview:large, max-video-preview:-1\" \/>\n<link rel=\"canonical\" href=\"https:\/\/canpamplona.com\/fr\/booking-details\/\" \/>\n<meta property=\"og:locale\" content=\"fr_FR\" \/>\n<meta property=\"og:type\" content=\"article\" \/>\n<meta property=\"og:title\" content=\"Booking Details\" \/>\n<meta property=\"og:description\" content=\"Booking detalles\" \/>\n<meta property=\"og:url\" content=\"https:\/\/canpamplona.com\/fr\/booking-details\/\" \/>\n<meta property=\"og:site_name\" content=\"Hotel Can Pamplona | Hotel En Vic | Web Oficial\" \/>\n<meta property=\"article:publisher\" content=\"https:\/\/www.facebook.com\/HotelCanPamplona\" \/>\n<meta property=\"article:modified_time\" content=\"2025-11-26T15:42:15+00:00\" \/>\n<meta property=\"og:image\" content=\"https:\/\/canpamplona.com\/wp-content\/uploads\/2023\/06\/170601-Can-Pamplona-BAIXA-61-e1764837186735.jpg\" \/>\n\t<meta property=\"og:image:width\" content=\"1700\" \/>\n\t<meta property=\"og:image:height\" content=\"1133\" \/>\n\t<meta property=\"og:image:type\" content=\"image\/jpeg\" \/>\n<meta name=\"twitter:card\" content=\"summary_large_image\" \/>\n<script type=\"application\/ld+json\" class=\"yoast-schema-graph\">{\"@context\":\"https:\/\/schema.org\",\"@graph\":[{\"@type\":\"WebPage\",\"@id\":\"https:\/\/canpamplona.com\/booking-details\/\",\"url\":\"https:\/\/canpamplona.com\/booking-details\/\",\"name\":\"Booking Details\",\"isPartOf\":{\"@id\":\"\/#website\"},\"datePublished\":\"2023-08-22T07:31:36+00:00\",\"dateModified\":\"2025-11-26T15:42:15+00:00\",\"description\":\"Booking detalles\",\"breadcrumb\":{\"@id\":\"https:\/\/canpamplona.com\/booking-details\/#breadcrumb\"},\"inLanguage\":\"fr-FR\",\"potentialAction\":[{\"@type\":\"ReadAction\",\"target\":[\"https:\/\/canpamplona.com\/booking-details\/\"]}]},{\"@type\":\"BreadcrumbList\",\"@id\":\"https:\/\/canpamplona.com\/booking-details\/#breadcrumb\",\"itemListElement\":[{\"@type\":\"ListItem\",\"position\":1,\"name\":\"Portada\",\"item\":\"https:\/\/canpamplona.com\/\"},{\"@type\":\"ListItem\",\"position\":2,\"name\":\"Booking Details\"}]},{\"@type\":\"WebSite\",\"@id\":\"\/#website\",\"url\":\"\/\",\"name\":\"Hotel Can Pamplona | Hotel En Vic | Web Oficial\",\"description\":\"Hotel Can Pamplona es un hotel en Vic B&amp;B. Un hotel urbano rehabilitado con un estilo moderno y al precio m\u00e1s econ\u00f3mico. Reserva aqu\u00ed.\",\"publisher\":{\"@id\":\"\/#organization\"},\"potentialAction\":[{\"@type\":\"SearchAction\",\"target\":{\"@type\":\"EntryPoint\",\"urlTemplate\":\"\/?s={search_term_string}\"},\"query-input\":{\"@type\":\"PropertyValueSpecification\",\"valueRequired\":true,\"valueName\":\"search_term_string\"}}],\"inLanguage\":\"fr-FR\"},{\"@type\":\"Organization\",\"@id\":\"\/#organization\",\"name\":\"Hotel Can Pamplona\",\"url\":\"\/\",\"logo\":{\"@type\":\"ImageObject\",\"inLanguage\":\"fr-FR\",\"@id\":\"\/#\/schema\/logo\/image\/\",\"url\":\"https:\/\/canpamplona.com\/wp-content\/uploads\/2025\/03\/LogoCanPamplonatopocolor-02.jpg\",\"contentUrl\":\"https:\/\/canpamplona.com\/wp-content\/uploads\/2025\/03\/LogoCanPamplonatopocolor-02.jpg\",\"width\":2480,\"height\":2480,\"caption\":\"Hotel Can Pamplona\"},\"image\":{\"@id\":\"\/#\/schema\/logo\/image\/\"},\"sameAs\":[\"https:\/\/www.facebook.com\/HotelCanPamplona\",\"https:\/\/www.instagram.com\/hotelcanpamplonavic\/\"]}]}<\/script>\n<!-- \/ Yoast SEO plugin. -->","yoast_head_json":{"title":"Les d\u00e9tails de r\u00e9servation","description":"D\u00e9tails de la r\u00e9servation","robots":{"index":"index","follow":"follow","max-snippet":"max-snippet:-1","max-image-preview":"max-image-preview:large","max-video-preview":"max-video-preview:-1"},"canonical":"https:\/\/canpamplona.com\/fr\/booking-details\/","og_locale":"fr_FR","og_type":"article","og_title":"Booking Details","og_description":"Booking detalles","og_url":"https:\/\/canpamplona.com\/fr\/booking-details\/","og_site_name":"Hotel Can Pamplona | Hotel En Vic | Web Oficial","article_publisher":"https:\/\/www.facebook.com\/HotelCanPamplona","article_modified_time":"2025-11-26T15:42:15+00:00","og_image":[{"width":1700,"height":1133,"url":"https:\/\/canpamplona.com\/wp-content\/uploads\/2023\/06\/170601-Can-Pamplona-BAIXA-61-e1764837186735.jpg","type":"image\/jpeg"}],"twitter_card":"summary_large_image","schema":{"@context":"https:\/\/schema.org","@graph":[{"@type":"WebPage","@id":"https:\/\/canpamplona.com\/booking-details\/","url":"https:\/\/canpamplona.com\/booking-details\/","name":"Les d\u00e9tails de r\u00e9servation","isPartOf":{"@id":"\/#website"},"datePublished":"2023-08-22T07:31:36+00:00","dateModified":"2025-11-26T15:42:15+00:00","description":"D\u00e9tails de la r\u00e9servation","breadcrumb":{"@id":"https:\/\/canpamplona.com\/booking-details\/#breadcrumb"},"inLanguage":"fr-FR","potentialAction":[{"@type":"ReadAction","target":["https:\/\/canpamplona.com\/booking-details\/"]}]},{"@type":"BreadcrumbList","@id":"https:\/\/canpamplona.com\/booking-details\/#breadcrumb","itemListElement":[{"@type":"ListItem","position":1,"name":"Portada","item":"https:\/\/canpamplona.com\/"},{"@type":"ListItem","position":2,"name":"Booking Details"}]},{"@type":"WebSite","@id":"\/#website","url":"\/","name":"H\u00f4tel Can Pampelune | H\u00f4tel \u00e0 Vic | Site officiel","description":"Hotel Can Pamplona est un h\u00f4tel de Vic B&amp;B. Un h\u00f4tel urbain r\u00e9habilit\u00e9 avec un style moderne et au prix le plus \u00e9conomique. R\u00e9servez ici.","publisher":{"@id":"\/#organization"},"potentialAction":[{"@type":"SearchAction","target":{"@type":"EntryPoint","urlTemplate":"\/?s={search_term_string}"},"query-input":{"@type":"PropertyValueSpecification","valueRequired":true,"valueName":"search_term_string"}}],"inLanguage":"fr-FR"},{"@type":"Organization","@id":"\/#organization","name":"H\u00f4tel Can Pampelune","url":"\/","logo":{"@type":"ImageObject","inLanguage":"fr-FR","@id":"\/#\/schema\/logo\/image\/","url":"https:\/\/canpamplona.com\/wp-content\/uploads\/2025\/03\/LogoCanPamplonatopocolor-02.jpg","contentUrl":"https:\/\/canpamplona.com\/wp-content\/uploads\/2025\/03\/LogoCanPamplonatopocolor-02.jpg","width":2480,"height":2480,"caption":"Hotel Can Pamplona"},"image":{"@id":"\/#\/schema\/logo\/image\/"},"sameAs":["https:\/\/www.facebook.com\/HotelCanPamplona","https:\/\/www.instagram.com\/hotelcanpamplonavic\/"]}]}},"_links":{"self":[{"href":"https:\/\/canpamplona.com\/fr\/wp-json\/wp\/v2\/pages\/3395","targetHints":{"allow":["GET"]}}],"collection":[{"href":"https:\/\/canpamplona.com\/fr\/wp-json\/wp\/v2\/pages"}],"about":[{"href":"https:\/\/canpamplona.com\/fr\/wp-json\/wp\/v2\/types\/page"}],"author":[{"embeddable":true,"href":"https:\/\/canpamplona.com\/fr\/wp-json\/wp\/v2\/users\/2"}],"replies":[{"embeddable":true,"href":"https:\/\/canpamplona.com\/fr\/wp-json\/wp\/v2\/comments?post=3395"}],"version-history":[{"count":1,"href":"https:\/\/canpamplona.com\/fr\/wp-json\/wp\/v2\/pages\/3395\/revisions"}],"predecessor-version":[{"id":4090,"href":"https:\/\/canpamplona.com\/fr\/wp-json\/wp\/v2\/pages\/3395\/revisions\/4090"}],"wp:attachment":[{"href":"https:\/\/canpamplona.com\/fr\/wp-json\/wp\/v2\/media?parent=3395"}],"curies":[{"name":"wp","href":"https:\/\/api.w.org\/{rel}","templated":true}]}}