{"id":2197,"date":"2023-03-14T14:37:09","date_gmt":"2023-03-14T14:37:09","guid":{"rendered":"https:\/\/canpamplona.com\/?post_type=product&#038;p=2197"},"modified":"2025-12-04T08:26:09","modified_gmt":"2025-12-04T08:26:09","slug":"pack-escapada-en-familia","status":"publish","type":"product","link":"https:\/\/canpamplona.com\/fr\/produit\/pack-escapade-en-famille\/","title":{"rendered":"Forfait Escapade en Famille"},"content":{"rendered":"<h2><strong>Qu&#039;est-ce qui est inclus dans notre Pack Escapade en Famille ?<\/strong><\/h2>\n<ul>\n<li>2 nuits en chambre quadruple ou familiale \u00e0 l&#039;h\u00f4tel Can Pamplona<\/li>\n<li>petit-d\u00e9jeuner buffet<\/li>\n<li>D\u00e9part tardif (sous r\u00e9serve de disponibilit\u00e9)<\/li>\n<\/ul>\n<p><strong>Disponibilit\u00e9: <\/strong>Le pack est disponible en moyenne et basse saison, et\u00a0<span class=\"OYPEnA text-decoration-none text-strikethrough-none\">selon la saison que vous avez choisie<\/span>. <span class=\"OYPEnA text-decoration-none text-strikethrough-none\">Ce Ch\u00e8que a une dur\u00e9e d&#039;expiration de 1 an, \u00e0 compter du jour de l&#039;achat.<\/span><\/p>\n<p><strong>Comment vais-je recevoir le bonus\u00a0? <\/strong>Une fois le bon cadeau achet\u00e9, vous recevrez par email un Bon cadeau au format PDF que vous nous aurez joint.<\/p>\n<p><strong>Comment puis-je utiliser le bonus\u00a0? <\/strong>Pour utiliser le bon et r\u00e9server, vous devrez appeler l&#039;h\u00f4tel au <a href=\"tel:+34938833112\">(+34) 93 883 31 12<\/a> ou envoyer un e-mail \u00e0 <a href=\"mailto:info@canpamplona.com\">info@canpamplona.com<\/a> indiquant les jours o\u00f9 vous souhaitez effectuer la r\u00e9servation. Vous recevrez ensuite un e-mail confirmant votre r\u00e9servation.<\/p>\n<p><strong><span class=\"OYPEnA text-decoration-none text-strikethrough-none\">** <\/span><span class=\"OYPEnA text-decoration-none text-strikethrough-none\">Saisons<\/span><\/strong><span class=\"OYPEnA text-decoration-none text-strikethrough-none\">: Basse Saison (D\u00e9cembre, Janvier et Ao\u00fbt) | Moyenne Saison (reste de l&#039;ann\u00e9e, sauf basse et haute saison)| Haute Saison (March\u00e9 M\u00e9di\u00e9val et March\u00e9 Musical Live de Vic)<\/span><\/p>","protected":false},"excerpt":{"rendered":"<p>Obtenez votre pack escapade en famille \u00e0 l&#039;h\u00f4tel Can Pamplona. Id\u00e9al pour d\u00e9connecter et profiter d&#039;une escapade en famille \u00e0 Vic.<\/p>\n<p>Choisissez la saison que vous pr\u00e9f\u00e9rez et vous verrez automatiquement le prix.<\/p>","protected":false},"featured_media":3437,"comment_status":"closed","ping_status":"closed","template":"","meta":{"site-sidebar-layout":"default","site-content-layout":"default","ast-site-content-layout":"default","site-content-style":"default","site-sidebar-style":"default","ast-global-header-display":"","ast-banner-title-visibility":"","ast-main-header-display":"","ast-hfb-above-header-display":"","ast-hfb-below-header-display":"","ast-hfb-mobile-header-display":"","site-post-title":"","ast-breadcrumbs-content":"","ast-featured-img":"","footer-sml-layout":"","theme-transparent-header-meta":"default","adv-header-id-meta":"","stick-header-meta":"default","header-above-stick-meta":"","header-main-stick-meta":"","header-below-stick-meta":"","astra-migrate-meta-layouts":"set","ast-page-background-enabled":"default","ast-page-background-meta":{"desktop":{"background-color":"","background-image":"","background-repeat":"repeat","background-position":"center center","background-size":"auto","background-attachment":"scroll","background-type":"","background-media":"","overlay-type":"","overlay-color":"","overlay-gradient":""},"tablet":{"background-color":"","background-image":"","background-repeat":"repeat","background-position":"center center","background-size":"auto","background-attachment":"scroll","background-type":"","background-media":"","overlay-type":"","overlay-color":"","overlay-gradient":""},"mobile":{"background-color":"","background-image":"","background-repeat":"repeat","background-position":"center center","background-size":"auto","background-attachment":"scroll","background-type":"","background-media":"","overlay-type":"","overlay-color":"","overlay-gradient":""}},"ast-content-background-meta":{"desktop":{"background-color":"var(--ast-global-color-5)","background-image":"","background-repeat":"repeat","background-position":"center center","background-size":"auto","background-attachment":"scroll","background-type":"","background-media":"","overlay-type":"","overlay-color":"","overlay-gradient":""},"tablet":{"background-color":"var(--ast-global-color-5)","background-image":"","background-repeat":"repeat","background-position":"center center","background-size":"auto","background-attachment":"scroll","background-type":"","background-media":"","overlay-type":"","overlay-color":"","overlay-gradient":""},"mobile":{"background-color":"var(--ast-global-color-5)","background-image":"","background-repeat":"repeat","background-position":"center center","background-size":"auto","background-attachment":"scroll","background-type":"","background-media":"","overlay-type":"","overlay-color":"","overlay-gradient":""}}},"product_brand":[],"product_cat":[20],"product_tag":[],"class_list":{"0":"post-2197","1":"product","2":"type-product","3":"status-publish","4":"has-post-thumbnail","6":"product_cat-sin-categorizar","7":"desktop-align-left","8":"tablet-align-left","9":"mobile-align-left","10":"ast-product-gallery-layout-horizontal-slider","11":"ast-product-single-variable","12":"ast-product-tabs-layout-horizontal","14":"first","15":"instock","16":"shipping-taxable","17":"purchasable","18":"product-type-variable"},"yoast_head":"<!-- This site is optimized with the Yoast SEO plugin v27.1.1 - https:\/\/yoast.com\/product\/yoast-seo-wordpress\/ -->\n<title>Escapada en Familia | Pack Hotel en Vic | Bono Regalo<\/title>\n<meta name=\"description\" content=\"Consigue tu Pack Escapada en Familia en el Hotel Can Pamplona. Ideal para desconectar y disfrutar de una escapada m\u00e1gica en familia en Vic.\" \/>\n<meta name=\"robots\" content=\"index, follow, max-snippet:-1, max-image-preview:large, max-video-preview:-1\" \/>\n<link rel=\"canonical\" href=\"https:\/\/canpamplona.com\/fr\/produit\/pack-escapade-en-famille\/\" \/>\n<meta property=\"og:locale\" content=\"fr_FR\" \/>\n<meta property=\"og:type\" content=\"article\" \/>\n<meta property=\"og:title\" content=\"Escapada en Familia | Pack Hotel en Vic | Bono Regalo\" \/>\n<meta property=\"og:description\" content=\"Consigue tu Pack Escapada en Familia en el Hotel Can Pamplona. Ideal para desconectar y disfrutar de una escapada m\u00e1gica en familia en Vic.\" \/>\n<meta property=\"og:url\" content=\"https:\/\/canpamplona.com\/fr\/produit\/pack-escapade-en-famille\/\" \/>\n<meta property=\"og:site_name\" content=\"Hotel Can Pamplona | Hotel En Vic | Web Oficial\" \/>\n<meta property=\"article:publisher\" content=\"https:\/\/www.facebook.com\/HotelCanPamplona\" \/>\n<meta property=\"article:modified_time\" content=\"2025-12-04T08:26:09+00:00\" \/>\n<meta property=\"og:image\" content=\"https:\/\/canpamplona.com\/wp-content\/uploads\/2023\/10\/20221123_CanPamplona_249-1024x683.jpg\" \/>\n\t<meta property=\"og:image:width\" content=\"1024\" \/>\n\t<meta property=\"og:image:height\" content=\"683\" \/>\n\t<meta property=\"og:image:type\" content=\"image\/jpeg\" \/>\n<meta name=\"twitter:card\" content=\"summary_large_image\" \/>\n<meta name=\"twitter:label1\" content=\"Dur\u00e9e de lecture estim\u00e9e\" \/>\n\t<meta name=\"twitter:data1\" content=\"1 minute\" \/>\n<script type=\"application\/ld+json\" class=\"yoast-schema-graph\">{\"@context\":\"https:\/\/schema.org\",\"@graph\":[{\"@type\":\"WebPage\",\"@id\":\"https:\/\/canpamplona.com\/producto\/pack-escapada-en-familia\/\",\"url\":\"https:\/\/canpamplona.com\/producto\/pack-escapada-en-familia\/\",\"name\":\"Escapada en Familia | Pack Hotel en Vic | Bono Regalo\",\"isPartOf\":{\"@id\":\"\/#website\"},\"primaryImageOfPage\":{\"@id\":\"https:\/\/canpamplona.com\/producto\/pack-escapada-en-familia\/#primaryimage\"},\"image\":{\"@id\":\"https:\/\/canpamplona.com\/producto\/pack-escapada-en-familia\/#primaryimage\"},\"thumbnailUrl\":\"https:\/\/canpamplona.com\/wp-content\/uploads\/2023\/10\/20221123_CanPamplona_249.jpg\",\"datePublished\":\"2023-03-14T14:37:09+00:00\",\"dateModified\":\"2025-12-04T08:26:09+00:00\",\"description\":\"Consigue tu Pack Escapada en Familia en el Hotel Can Pamplona. Ideal para desconectar y disfrutar de una escapada m\u00e1gica en familia en Vic.\",\"breadcrumb\":{\"@id\":\"https:\/\/canpamplona.com\/producto\/pack-escapada-en-familia\/#breadcrumb\"},\"inLanguage\":\"fr-FR\",\"potentialAction\":[{\"@type\":\"ReadAction\",\"target\":[\"https:\/\/canpamplona.com\/producto\/pack-escapada-en-familia\/\"]}]},{\"@type\":\"ImageObject\",\"inLanguage\":\"fr-FR\",\"@id\":\"https:\/\/canpamplona.com\/producto\/pack-escapada-en-familia\/#primaryimage\",\"url\":\"https:\/\/canpamplona.com\/wp-content\/uploads\/2023\/10\/20221123_CanPamplona_249.jpg\",\"contentUrl\":\"https:\/\/canpamplona.com\/wp-content\/uploads\/2023\/10\/20221123_CanPamplona_249.jpg\",\"width\":2500,\"height\":1667},{\"@type\":\"BreadcrumbList\",\"@id\":\"https:\/\/canpamplona.com\/producto\/pack-escapada-en-familia\/#breadcrumb\",\"itemListElement\":[{\"@type\":\"ListItem\",\"position\":1,\"name\":\"Portada\",\"item\":\"https:\/\/canpamplona.com\/\"},{\"@type\":\"ListItem\",\"position\":2,\"name\":\"Pack Escapada en familia\"}]},{\"@type\":\"WebSite\",\"@id\":\"\/#website\",\"url\":\"\/\",\"name\":\"Hotel Can Pamplona | Hotel En Vic | Web Oficial\",\"description\":\"Hotel Can Pamplona es un hotel en Vic B&amp;B. Un hotel urbano rehabilitado con un estilo moderno y al precio m\u00e1s econ\u00f3mico. Reserva aqu\u00ed.\",\"publisher\":{\"@id\":\"\/#organization\"},\"potentialAction\":[{\"@type\":\"SearchAction\",\"target\":{\"@type\":\"EntryPoint\",\"urlTemplate\":\"\/?s={search_term_string}\"},\"query-input\":{\"@type\":\"PropertyValueSpecification\",\"valueRequired\":true,\"valueName\":\"search_term_string\"}}],\"inLanguage\":\"fr-FR\"},{\"@type\":\"Organization\",\"@id\":\"\/#organization\",\"name\":\"Hotel Can Pamplona\",\"url\":\"\/\",\"logo\":{\"@type\":\"ImageObject\",\"inLanguage\":\"fr-FR\",\"@id\":\"\/#\/schema\/logo\/image\/\",\"url\":\"https:\/\/canpamplona.com\/wp-content\/uploads\/2025\/03\/LogoCanPamplonatopocolor-02.jpg\",\"contentUrl\":\"https:\/\/canpamplona.com\/wp-content\/uploads\/2025\/03\/LogoCanPamplonatopocolor-02.jpg\",\"width\":2480,\"height\":2480,\"caption\":\"Hotel Can Pamplona\"},\"image\":{\"@id\":\"\/#\/schema\/logo\/image\/\"},\"sameAs\":[\"https:\/\/www.facebook.com\/HotelCanPamplona\",\"https:\/\/www.instagram.com\/hotelcanpamplonavic\/\"]}]}<\/script>\n<!-- \/ Yoast SEO plugin. -->","yoast_head_json":{"title":"Escapade en famille | Forfait h\u00f4tel \u00e0 Victoria | Bon cadeau","description":"R\u00e9servez votre forfait escapade familiale \u00e0 l&#039;h\u00f4tel Can Pamplona. Id\u00e9al pour se d\u00e9connecter et profiter d&#039;un s\u00e9jour magique en famille \u00e0 Victoria.","robots":{"index":"index","follow":"follow","max-snippet":"max-snippet:-1","max-image-preview":"max-image-preview:large","max-video-preview":"max-video-preview:-1"},"canonical":"https:\/\/canpamplona.com\/fr\/produit\/pack-escapade-en-famille\/","og_locale":"fr_FR","og_type":"article","og_title":"Escapada en Familia | Pack Hotel en Vic | Bono Regalo","og_description":"Consigue tu Pack Escapada en Familia en el Hotel Can Pamplona. Ideal para desconectar y disfrutar de una escapada m\u00e1gica en familia en Vic.","og_url":"https:\/\/canpamplona.com\/fr\/produit\/pack-escapade-en-famille\/","og_site_name":"Hotel Can Pamplona | Hotel En Vic | Web Oficial","article_publisher":"https:\/\/www.facebook.com\/HotelCanPamplona","article_modified_time":"2025-12-04T08:26:09+00:00","og_image":[{"width":1024,"height":683,"url":"https:\/\/canpamplona.com\/wp-content\/uploads\/2023\/10\/20221123_CanPamplona_249-1024x683.jpg","type":"image\/jpeg"}],"twitter_card":"summary_large_image","twitter_misc":{"Dur\u00e9e de lecture estim\u00e9e":"1 minute"},"schema":{"@context":"https:\/\/schema.org","@graph":[{"@type":"WebPage","@id":"https:\/\/canpamplona.com\/producto\/pack-escapada-en-familia\/","url":"https:\/\/canpamplona.com\/producto\/pack-escapada-en-familia\/","name":"Escapade en famille | Forfait h\u00f4tel \u00e0 Victoria | Bon cadeau","isPartOf":{"@id":"\/#website"},"primaryImageOfPage":{"@id":"https:\/\/canpamplona.com\/producto\/pack-escapada-en-familia\/#primaryimage"},"image":{"@id":"https:\/\/canpamplona.com\/producto\/pack-escapada-en-familia\/#primaryimage"},"thumbnailUrl":"https:\/\/canpamplona.com\/wp-content\/uploads\/2023\/10\/20221123_CanPamplona_249.jpg","datePublished":"2023-03-14T14:37:09+00:00","dateModified":"2025-12-04T08:26:09+00:00","description":"R\u00e9servez votre forfait escapade familiale \u00e0 l&#039;h\u00f4tel Can Pamplona. Id\u00e9al pour se d\u00e9connecter et profiter d&#039;un s\u00e9jour magique en famille \u00e0 Victoria.","breadcrumb":{"@id":"https:\/\/canpamplona.com\/producto\/pack-escapada-en-familia\/#breadcrumb"},"inLanguage":"fr-FR","potentialAction":[{"@type":"ReadAction","target":["https:\/\/canpamplona.com\/producto\/pack-escapada-en-familia\/"]}]},{"@type":"ImageObject","inLanguage":"fr-FR","@id":"https:\/\/canpamplona.com\/producto\/pack-escapada-en-familia\/#primaryimage","url":"https:\/\/canpamplona.com\/wp-content\/uploads\/2023\/10\/20221123_CanPamplona_249.jpg","contentUrl":"https:\/\/canpamplona.com\/wp-content\/uploads\/2023\/10\/20221123_CanPamplona_249.jpg","width":2500,"height":1667},{"@type":"BreadcrumbList","@id":"https:\/\/canpamplona.com\/producto\/pack-escapada-en-familia\/#breadcrumb","itemListElement":[{"@type":"ListItem","position":1,"name":"Portada","item":"https:\/\/canpamplona.com\/"},{"@type":"ListItem","position":2,"name":"Pack Escapada en familia"}]},{"@type":"WebSite","@id":"\/#website","url":"\/","name":"H\u00f4tel Can Pampelune | H\u00f4tel \u00e0 Vic | Site officiel","description":"Hotel Can Pamplona est un h\u00f4tel de Vic B&amp;B. Un h\u00f4tel urbain r\u00e9habilit\u00e9 avec un style moderne et au prix le plus \u00e9conomique. R\u00e9servez ici.","publisher":{"@id":"\/#organization"},"potentialAction":[{"@type":"SearchAction","target":{"@type":"EntryPoint","urlTemplate":"\/?s={search_term_string}"},"query-input":{"@type":"PropertyValueSpecification","valueRequired":true,"valueName":"search_term_string"}}],"inLanguage":"fr-FR"},{"@type":"Organization","@id":"\/#organization","name":"H\u00f4tel Can Pampelune","url":"\/","logo":{"@type":"ImageObject","inLanguage":"fr-FR","@id":"\/#\/schema\/logo\/image\/","url":"https:\/\/canpamplona.com\/wp-content\/uploads\/2025\/03\/LogoCanPamplonatopocolor-02.jpg","contentUrl":"https:\/\/canpamplona.com\/wp-content\/uploads\/2025\/03\/LogoCanPamplonatopocolor-02.jpg","width":2480,"height":2480,"caption":"Hotel Can Pamplona"},"image":{"@id":"\/#\/schema\/logo\/image\/"},"sameAs":["https:\/\/www.facebook.com\/HotelCanPamplona","https:\/\/www.instagram.com\/hotelcanpamplonavic\/"]}]}},"_links":{"self":[{"href":"https:\/\/canpamplona.com\/fr\/wp-json\/wp\/v2\/product\/2197","targetHints":{"allow":["GET"]}}],"collection":[{"href":"https:\/\/canpamplona.com\/fr\/wp-json\/wp\/v2\/product"}],"about":[{"href":"https:\/\/canpamplona.com\/fr\/wp-json\/wp\/v2\/types\/product"}],"replies":[{"embeddable":true,"href":"https:\/\/canpamplona.com\/fr\/wp-json\/wp\/v2\/comments?post=2197"}],"wp:featuredmedia":[{"embeddable":true,"href":"https:\/\/canpamplona.com\/fr\/wp-json\/wp\/v2\/media\/3437"}],"wp:attachment":[{"href":"https:\/\/canpamplona.com\/fr\/wp-json\/wp\/v2\/media?parent=2197"}],"wp:term":[{"taxonomy":"product_brand","embeddable":true,"href":"https:\/\/canpamplona.com\/fr\/wp-json\/wp\/v2\/product_brand?post=2197"},{"taxonomy":"product_cat","embeddable":true,"href":"https:\/\/canpamplona.com\/fr\/wp-json\/wp\/v2\/product_cat?post=2197"},{"taxonomy":"product_tag","embeddable":true,"href":"https:\/\/canpamplona.com\/fr\/wp-json\/wp\/v2\/product_tag?post=2197"}],"curies":[{"name":"wp","href":"https:\/\/api.w.org\/{rel}","templated":true}]}}